{"id":84845,"date":"2021-08-02T02:55:40","date_gmt":"2021-08-02T02:55:40","guid":{"rendered":"http:\/\/webivores.com\/a-propos-une-agence-de-marketing-numerique\/"},"modified":"2022-03-03T23:23:54","modified_gmt":"2022-03-03T23:23:54","slug":"a-propos","status":"publish","type":"page","link":"https:\/\/webivores.com\/fr\/a-propos\/","title":{"rendered":"\u00c0 Propos &#8211; Une agence de marketing num\u00e9rique"},"content":{"rendered":"<p>[vc_row row_height_percent=\u00a0\u00bb0&Prime; override_padding=\u00a0\u00bbyes\u00a0\u00bb h_padding=\u00a0\u00bb2&Prime; top_padding=\u00a0\u00bb5&Prime; bottom_padding=\u00a0\u00bb5&Prime; overlay_color=\u00a0\u00bbcolor-xsdn\u00a0\u00bb overlay_alpha=\u00a0\u00bb98&Prime; gutter_size=\u00a0\u00bb3&Prime; column_width_percent=\u00a0\u00bb100&Prime; shift_y=\u00a0\u00bb0&Prime; z_index=\u00a0\u00bb0&Prime;][vc_column column_width_percent=\u00a0\u00bb100&Prime; align_horizontal=\u00a0\u00bbalign_center\u00a0\u00bb gutter_size=\u00a0\u00bb3&Prime; overlay_alpha=\u00a0\u00bb50&Prime; shift_x=\u00a0\u00bb0&Prime; shift_y=\u00a0\u00bb0&Prime; shift_y_down=\u00a0\u00bb0&Prime; z_index=\u00a0\u00bb0&Prime; medium_width=\u00a0\u00bb0&Prime; mobile_width=\u00a0\u00bb0&Prime; width=\u00a0\u00bb1\/1&Prime; el_class=\u00a0\u00bbwhy-us-teasers\u00a0\u00bb][vc_custom_heading heading_semantic=\u00a0\u00bbh1&Prime; text_size=\u00a0\u00bbfontsize-338686&Prime; css_animation=\u00a0\u00bbbottom-t-top\u00a0\u00bb]Webivores est une agence de marketing num\u00e9rique qui livre des r\u00e9sultats.[\/vc_custom_heading][vc_column_text text_lead=\u00a0\u00bbyes\u00a0\u00bb css_animation=\u00a0\u00bbbottom-t-top\u00a0\u00bb animation_delay=\u00a0\u00bb200&Prime;]Notre objectif est de vous aider \u00e0 augmenter vos revenus, am\u00e9liorer votre r\u00e9putation ainsi que votre visibilit\u00e9. Nous fournissons des solutions personnalis\u00e9es selon vos besoins, afin que vous puissiez concentrer votre \u00e9nergie sur les autres aspects de votre entreprise.<br \/>\nNous sommes ax\u00e9s sur la performance, c\u2019est pourquoi nos clients demeurent avec nous; parce que nos strat\u00e9gies fonctionnent. Nous sommes l\u00e0 pour vous \u00e9couter, vous conseiller et vous accompagner dans la r\u00e9ussite de votre entreprise. Faites-nous confiance, nous sommes les experts du web![\/vc_column_text][vc_custom_heading text_size=\u00a0\u00bbh3&Prime; text_color=\u00a0\u00bbaccent\u00a0\u00bb css_animation=\u00a0\u00bbzoom-in\u00a0\u00bb animation_delay=\u00a0\u00bb400&Prime;]Nous proposons des solutions de marketing entrant SMAPT sur mesure.[\/vc_custom_heading][vc_empty_space empty_h=\u00a0\u00bb2&Prime;][\/vc_column][\/vc_row][vc_row row_height_percent=\u00a0\u00bb0&Prime; override_padding=\u00a0\u00bbyes\u00a0\u00bb h_padding=\u00a0\u00bb2&Prime; top_padding=\u00a0\u00bb5&Prime; bottom_padding=\u00a0\u00bb5&Prime; back_image=\u00a0\u00bb83872&Prime; back_repeat=\u00a0\u00bbno-repeat\u00a0\u00bb parallax=\u00a0\u00bbyes\u00a0\u00bb overlay_color=\u00a0\u00bbcolor-lxmt\u00a0\u00bb overlay_alpha=\u00a0\u00bb98&Prime; gutter_size=\u00a0\u00bb3&Prime; column_width_percent=\u00a0\u00bb100&Prime; preserve_border=\u00a0\u00bbyes\u00a0\u00bb preserve_border_tablet=\u00a0\u00bbyes\u00a0\u00bb preserve_border_mobile=\u00a0\u00bbyes\u00a0\u00bb border_color=\u00a0\u00bbcolor-167400&Prime; border_style=\u00a0\u00bbsolid\u00a0\u00bb shift_y=\u00a0\u00bb0&Prime; z_index=\u00a0\u00bb0&Prime; back_size=\u00a0\u00bbcover\u00a0\u00bb css=\u00a0\u00bb.vc_custom_1620001362466{border-bottom-width: 15px !important;}\u00a0\u00bb][vc_column column_width_percent=\u00a0\u00bb100&Prime; align_horizontal=\u00a0\u00bbalign_center\u00a0\u00bb gutter_size=\u00a0\u00bb3&Prime; overlay_alpha=\u00a0\u00bb50&Prime; shift_x=\u00a0\u00bb0&Prime; shift_y=\u00a0\u00bb0&Prime; shift_y_down=\u00a0\u00bb0&Prime; z_index=\u00a0\u00bb0&Prime; medium_width=\u00a0\u00bb0&Prime; mobile_width=\u00a0\u00bb0&Prime; width=\u00a0\u00bb1\/1&Prime; el_class=\u00a0\u00bbwhy-us-teasers\u00a0\u00bb][vc_custom_heading text_size=\u00a0\u00bbfontsize-338686&Prime; css_animation=\u00a0\u00bbbottom-t-top\u00a0\u00bb]Qu&rsquo;est-ce que le marketing entrant?[\/vc_custom_heading][vc_column_text text_lead=\u00a0\u00bbyes\u00a0\u00bb css_animation=\u00a0\u00bbbottom-t-top\u00a0\u00bb animation_delay=\u00a0\u00bb200&Prime;]C&rsquo;est une approche diff\u00e9rente du marketing conventionnel. Au lieu de diffuser partout des annonces dans l&rsquo;espoir d&rsquo;atteindre des clients cibles, nous cr\u00e9ons du contenu et de la valeur pour nos clients potentiels afin qu&rsquo;ils veuillent visiter notre site web et utiliser nos services.[\/vc_column_text][vc_empty_space empty_h=\u00a0\u00bb2&Prime;][\/vc_column][\/vc_row][vc_row row_height_percent=\u00a0\u00bb0&Prime; override_padding=\u00a0\u00bbyes\u00a0\u00bb h_padding=\u00a0\u00bb2&Prime; top_padding=\u00a0\u00bb5&Prime; bottom_padding=\u00a0\u00bb3&Prime; back_color=\u00a0\u00bbcolor-xsdn\u00a0\u00bb overlay_alpha=\u00a0\u00bb98&Prime; gutter_size=\u00a0\u00bb4&Prime; column_width_percent=\u00a0\u00bb100&Prime; shift_y=\u00a0\u00bb0&Prime; z_index=\u00a0\u00bb0&Prime;][vc_column column_width_percent=\u00a0\u00bb100&Prime; position_vertical=\u00a0\u00bbmiddle\u00a0\u00bb align_horizontal=\u00a0\u00bbalign_center\u00a0\u00bb gutter_size=\u00a0\u00bb3&Prime; overlay_alpha=\u00a0\u00bb50&Prime; shift_x=\u00a0\u00bb0&Prime; shift_y=\u00a0\u00bb0&Prime; shift_y_down=\u00a0\u00bb0&Prime; z_index=\u00a0\u00bb0&Prime; medium_width=\u00a0\u00bb0&Prime; mobile_width=\u00a0\u00bb0&Prime; width=\u00a0\u00bb1\/2&Prime;][vc_single_image media=\u00a0\u00bb83938&Prime; media_width_percent=\u00a0\u00bb100&Prime; media_ratio=\u00a0\u00bbone-one\u00a0\u00bb alignment=\u00a0\u00bbcenter\u00a0\u00bb shadow=\u00a0\u00bbyes\u00a0\u00bb shadow_weight=\u00a0\u00bbsm\u00a0\u00bb css_animation=\u00a0\u00bbleft-t-right\u00a0\u00bb][\/vc_column][vc_column column_width_percent=\u00a0\u00bb100&Prime; position_vertical=\u00a0\u00bbmiddle\u00a0\u00bb gutter_size=\u00a0\u00bb3&Prime; overlay_alpha=\u00a0\u00bb50&Prime; shift_x=\u00a0\u00bb0&Prime; shift_y=\u00a0\u00bb0&Prime; shift_y_down=\u00a0\u00bb0&Prime; z_index=\u00a0\u00bb0&Prime; align_medium=\u00a0\u00bbalign_center_tablet\u00a0\u00bb medium_width=\u00a0\u00bb0&Prime; align_mobile=\u00a0\u00bbalign_center_mobile\u00a0\u00bb mobile_width=\u00a0\u00bb0&Prime; width=\u00a0\u00bb1\/2&Prime; el_class=\u00a0\u00bbwhy-us-teasers\u00a0\u00bb][vc_custom_heading text_size=\u00a0\u00bbfontsize-338686&Prime; css_animation=\u00a0\u00bbbottom-t-top\u00a0\u00bb]Qu&rsquo;est-ce que le param\u00e9trage SMAPT?[\/vc_custom_heading][vc_column_text text_lead=\u00a0\u00bbyes\u00a0\u00bb css_animation=\u00a0\u00bbbottom-t-top\u00a0\u00bb animation_delay=\u00a0\u00bb200&Prime;]Pour faire des campagnes efficaces qui peuvent \u00eatre optimis\u00e9es, nous devons \u00eatre en mesure de mesurer l&rsquo;impact de chaque campagne.<\/p>\n<p>Par cons\u00e9quent, nous utilisons des campagnes SMAPT:[\/vc_column_text][vc_custom_heading text_size=\u00a0\u00bbh4&Prime; text_color=\u00a0\u00bbaccent\u00a0\u00bb css_animation=\u00a0\u00bbzoom-in\u00a0\u00bb animation_delay=\u00a0\u00bb200&Prime;]Sp\u00e9cifique Mesurable Atteignable Pertinent et Temps (ayant un intervalle de temps pr\u00e9cis)[\/vc_custom_heading][\/vc_column][\/vc_row][vc_row row_height_percent=\u00a0\u00bb0&Prime; override_padding=\u00a0\u00bbyes\u00a0\u00bb h_padding=\u00a0\u00bb2&Prime; top_padding=\u00a0\u00bb3&Prime; bottom_padding=\u00a0\u00bb5&Prime; back_color=\u00a0\u00bbcolor-xsdn\u00a0\u00bb overlay_alpha=\u00a0\u00bb98&Prime; gutter_size=\u00a0\u00bb4&Prime; column_width_percent=\u00a0\u00bb100&Prime; shift_y=\u00a0\u00bb0&Prime; z_index=\u00a0\u00bb0&Prime; inverted_device_order=\u00a0\u00bbyes\u00a0\u00bb][vc_column column_width_percent=\u00a0\u00bb100&Prime; position_vertical=\u00a0\u00bbmiddle\u00a0\u00bb gutter_size=\u00a0\u00bb2&Prime; overlay_alpha=\u00a0\u00bb50&Prime; shift_x=\u00a0\u00bb0&Prime; shift_y=\u00a0\u00bb0&Prime; shift_y_down=\u00a0\u00bb0&Prime; z_index=\u00a0\u00bb0&Prime; align_medium=\u00a0\u00bbalign_center_tablet\u00a0\u00bb medium_width=\u00a0\u00bb0&Prime; align_mobile=\u00a0\u00bbalign_center_mobile\u00a0\u00bb mobile_width=\u00a0\u00bb0&Prime; width=\u00a0\u00bb1\/2&Prime; el_class=\u00a0\u00bbwhy-us-teasers\u00a0\u00bb][vc_custom_heading text_size=\u00a0\u00bbfontsize-338686&Prime; css_animation=\u00a0\u00bbbottom-t-top\u00a0\u00bb]Comment travaillons-nous?[\/vc_custom_heading][vc_column_text text_lead=\u00a0\u00bbyes\u00a0\u00bb css_animation=\u00a0\u00bbbottom-t-top\u00a0\u00bb animation_delay=\u00a0\u00bb200&Prime;]Nous comprenons d&rsquo;abord vos besoins. Ensuite, nous \u00e9tudions le march\u00e9 et analysons en profondeur le profil de vos clients potentiels.<\/p>\n<p>Nous \u00e9tudions vos concurrents pour comprendre leurs strat\u00e9gies marketing. Nous utilisons autant que possible vos ressources disponibles pour aider \u00e0 r\u00e9duire les co\u00fbts. Nous mettons l&rsquo;accent sur vos r\u00e9sultats et travailler avec nous permettra d&rsquo;accro\u00eetre la rentabilit\u00e9.<\/p>\n<p>Nous r\u00e9digeons et mettons en \u0153uvre la meilleure strat\u00e9gie dynamique pour augmenter votre ROI.[\/vc_column_text][\/vc_column][vc_column column_width_percent=\u00a0\u00bb100&Prime; position_vertical=\u00a0\u00bbmiddle\u00a0\u00bb align_horizontal=\u00a0\u00bbalign_center\u00a0\u00bb gutter_size=\u00a0\u00bb3&Prime; overlay_alpha=\u00a0\u00bb50&Prime; shift_x=\u00a0\u00bb0&Prime; shift_y=\u00a0\u00bb0&Prime; shift_y_down=\u00a0\u00bb0&Prime; z_index=\u00a0\u00bb0&Prime; medium_width=\u00a0\u00bb0&Prime; mobile_width=\u00a0\u00bb0&Prime; width=\u00a0\u00bb1\/2&Prime;][vc_single_image media=\u00a0\u00bb83937&Prime; media_width_percent=\u00a0\u00bb100&Prime; media_ratio=\u00a0\u00bbone-one\u00a0\u00bb alignment=\u00a0\u00bbcenter\u00a0\u00bb shadow=\u00a0\u00bbyes\u00a0\u00bb shadow_weight=\u00a0\u00bbsm\u00a0\u00bb css_animation=\u00a0\u00bbright-t-left\u00a0\u00bb][\/vc_column][\/vc_row][vc_row row_height_percent=\u00a0\u00bb0&Prime; override_padding=\u00a0\u00bbyes\u00a0\u00bb h_padding=\u00a0\u00bb2&Prime; top_padding=\u00a0\u00bb5&Prime; bottom_padding=\u00a0\u00bb5&Prime; back_color=\u00a0\u00bbcolor-wayh\u00a0\u00bb back_image=\u00a0\u00bb83940&Prime; back_repeat=\u00a0\u00bbno-repeat\u00a0\u00bb back_position=\u00a0\u00bbcenter bottom\u00a0\u00bb parallax=\u00a0\u00bbyes\u00a0\u00bb overlay_color=\u00a0\u00bbcolor-wayh\u00a0\u00bb overlay_alpha=\u00a0\u00bb50&Prime; gutter_size=\u00a0\u00bb3&Prime; column_width_percent=\u00a0\u00bb100&Prime; shift_y=\u00a0\u00bb0&Prime; z_index=\u00a0\u00bb0&Prime; top_divider=\u00a0\u00bbgradient\u00a0\u00bb bottom_divider=\u00a0\u00bbgradient\u00a0\u00bb back_size=\u00a0\u00bbcover\u00a0\u00bb][vc_column column_width_percent=\u00a0\u00bb100&Prime; position_vertical=\u00a0\u00bbmiddle\u00a0\u00bb align_horizontal=\u00a0\u00bbalign_center\u00a0\u00bb gutter_size=\u00a0\u00bb4&Prime; style=\u00a0\u00bbdark\u00a0\u00bb overlay_alpha=\u00a0\u00bb50&Prime; shift_x=\u00a0\u00bb0&Prime; shift_y=\u00a0\u00bb0&Prime; shift_y_down=\u00a0\u00bb0&Prime; z_index=\u00a0\u00bb0&Prime; medium_width=\u00a0\u00bb0&Prime; mobile_width=\u00a0\u00bb0&Prime; width=\u00a0\u00bb1\/1&Prime;][vc_row_inner row_inner_height_percent=\u00a0\u00bb0&Prime; overlay_alpha=\u00a0\u00bb50&Prime; gutter_size=\u00a0\u00bb0&Prime; shift_y=\u00a0\u00bb0&Prime; z_index=\u00a0\u00bb0&Prime;][vc_column_inner column_width_use_pixel=\u00a0\u00bbyes\u00a0\u00bb align_horizontal=\u00a0\u00bbalign_center\u00a0\u00bb gutter_size=\u00a0\u00bb3&Prime; style=\u00a0\u00bbdark\u00a0\u00bb overlay_alpha=\u00a0\u00bb50&Prime; shift_x=\u00a0\u00bb0&Prime; shift_y=\u00a0\u00bb0&Prime; shift_y_down=\u00a0\u00bb0&Prime; z_index=\u00a0\u00bb0&Prime; medium_width=\u00a0\u00bb0&Prime; mobile_width=\u00a0\u00bb0&Prime; width=\u00a0\u00bb1\/1&Prime; column_width_pixel=\u00a0\u00bb850&Prime;][vc_custom_heading heading_semantic=\u00a0\u00bbh1&Prime; text_size=\u00a0\u00bbfontsize-338686&Prime; text_transform=\u00a0\u00bbuppercase\u00a0\u00bb css_animation=\u00a0\u00bbcurtain\u00a0\u00bb]<span class=\"heading-text-highlight \" data-atts='{\"bg\":\"style-color-xsdn-bg\",\"height\":\"15%\",\"offset\":\"0.15em\",\"opacity\":\"0.25\",\"animated\":\"yes\"}'>R\u00e9servez votre consultation GRATUITE!<\/span>[\/vc_custom_heading][vc_column_text text_lead=\u00a0\u00bbyes\u00a0\u00bb css_animation=\u00a0\u00bbbottom-t-top\u00a0\u00bb animation_delay=\u00a0\u00bb200&Prime;]Contactez-nous maintenant pour une consultation gratuite avec un de nos strat\u00e8ges afin de comprendre vos besoins et vous proposer un plan. Notre objectif est de vous aider \u00e0 augmenter vos revenus, am\u00e9liorer votre r\u00e9putation ainsi que votre visibilit\u00e9. Il ne vous reste plus qu&rsquo;\u00e0 nous contacter![\/vc_column_text][vc_empty_space empty_h=\u00a0\u00bb0&Prime; mobile_visibility=\u00a0\u00bbyes\u00a0\u00bb][vc_button button_color=\u00a0\u00bbaccent\u00a0\u00bb size=\u00a0\u00bbbtn-xl\u00a0\u00bb radius=\u00a0\u00bbbtn-circle\u00a0\u00bb border_width=\u00a0\u00bb0&Prime; css_animation=\u00a0\u00bbzoom-in\u00a0\u00bb animation_delay=\u00a0\u00bb600&Prime; link=\u00a0\u00bburl:https%3A%2F%2Fwebivores.com%2Ffr%2Fcontact%2F|title:Contact\u00a0\u00bb]Contactez-nous[\/vc_button][\/vc_column_inner][\/vc_row_inner][\/vc_column][\/vc_row]<\/p>\n","protected":false},"excerpt":{"rendered":"<p>[vc_row row_height_percent=\u00a0\u00bb0&Prime; override_padding=\u00a0\u00bbyes\u00a0\u00bb h_padding=\u00a0\u00bb2&Prime; top_padding=\u00a0\u00bb5&Prime; bottom_padding=\u00a0\u00bb5&Prime; overlay_color=\u00a0\u00bbcolor-xsdn\u00a0\u00bb overlay_alpha=\u00a0\u00bb98&Prime; gutter_size=\u00a0\u00bb3&Prime; column_width_percent=\u00a0\u00bb100&Prime; shift_y=\u00a0\u00bb0&Prime; z_index=\u00a0\u00bb0&Prime;][vc_column column_width_percent=\u00a0\u00bb100&Prime; align_horizontal=\u00a0\u00bbalign_center\u00a0\u00bb gutter_size=\u00a0\u00bb3&Prime; overlay_alpha=\u00a0\u00bb50&Prime; shift_x=\u00a0\u00bb0&Prime; shift_y=\u00a0\u00bb0&Prime; shift_y_down=\u00a0\u00bb0&Prime; z_index=\u00a0\u00bb0&Prime; [&hellip;]<\/p>\n","protected":false},"author":1,"featured_media":84445,"parent":0,"menu_order":0,"comment_status":"closed","ping_status":"closed","template":"","meta":{"content-type":""},"yoast_head":"<!-- This site is optimized with the Yoast SEO Premium plugin v20.6 (Yoast SEO v20.6) - https:\/\/yoast.com\/wordpress\/plugins\/seo\/ -->\n<title>\u00c0 Propos - Webivores | Une agence de marketing num\u00e9rique qui livre des r\u00e9sultats.<\/title>\n<meta name=\"description\" content=\"Nous proposons des solutions de marketing entrant SMAPT sur mesure. Notre objectif est de vous aider \u00e0 augmenter vos revenus, am\u00e9liorer votre r\u00e9putation ainsi que votre visibilit\u00e9.\" \/>\n<meta name=\"robots\" content=\"index, follow, max-snippet:-1, max-image-preview:large, max-video-preview:-1\" \/>\n<link rel=\"canonical\" href=\"https:\/\/webivores.com\/fr\/a-propos\/\" \/>\n<meta property=\"og:locale\" content=\"fr_FR\" \/>\n<meta property=\"og:type\" content=\"article\" \/>\n<meta property=\"og:title\" content=\"\u00c0 Propos - Une agence de marketing num\u00e9rique\" \/>\n<meta property=\"og:description\" content=\"Nous proposons des solutions de marketing entrant SMAPT sur mesure. Notre objectif est de vous aider \u00e0 augmenter vos revenus, am\u00e9liorer votre r\u00e9putation ainsi que votre visibilit\u00e9.\" \/>\n<meta property=\"og:url\" content=\"https:\/\/webivores.com\/fr\/a-propos\/\" \/>\n<meta property=\"og:site_name\" content=\"Webivores\" \/>\n<meta property=\"article:publisher\" content=\"https:\/\/www.facebook.com\/webivores\" \/>\n<meta property=\"article:modified_time\" content=\"2022-03-03T23:23:54+00:00\" \/>\n<meta property=\"og:image\" content=\"https:\/\/webivores.com\/wp-content\/uploads\/2021\/05\/background-cover-1.jpg\" \/>\n\t<meta property=\"og:image:width\" content=\"1600\" \/>\n\t<meta property=\"og:image:height\" content=\"900\" \/>\n\t<meta property=\"og:image:type\" content=\"image\/jpeg\" \/>\n<meta name=\"twitter:card\" content=\"summary_large_image\" \/>\n<meta name=\"twitter:site\" content=\"@Webivores\" \/>\n<meta name=\"twitter:label1\" content=\"Dur\u00e9e de lecture estim\u00e9e\" \/>\n\t<meta name=\"twitter:data1\" content=\"3 minutes\" \/>\n<script type=\"application\/ld+json\" class=\"yoast-schema-graph\">{\"@context\":\"https:\/\/schema.org\",\"@graph\":[{\"@type\":\"WebPage\",\"@id\":\"https:\/\/webivores.com\/fr\/a-propos\/\",\"url\":\"https:\/\/webivores.com\/fr\/a-propos\/\",\"name\":\"\u00c0 Propos - Webivores | Une agence de marketing num\u00e9rique qui livre des r\u00e9sultats.\",\"isPartOf\":{\"@id\":\"https:\/\/webivores.com\/#website\"},\"datePublished\":\"2021-08-02T02:55:40+00:00\",\"dateModified\":\"2022-03-03T23:23:54+00:00\",\"description\":\"Nous proposons des solutions de marketing entrant SMAPT sur mesure. Notre objectif est de vous aider \u00e0 augmenter vos revenus, am\u00e9liorer votre r\u00e9putation ainsi que votre visibilit\u00e9.\",\"breadcrumb\":{\"@id\":\"https:\/\/webivores.com\/fr\/a-propos\/#breadcrumb\"},\"inLanguage\":\"fr-FR\",\"potentialAction\":[{\"@type\":\"ReadAction\",\"target\":[\"https:\/\/webivores.com\/fr\/a-propos\/\"]}]},{\"@type\":\"BreadcrumbList\",\"@id\":\"https:\/\/webivores.com\/fr\/a-propos\/#breadcrumb\",\"itemListElement\":[{\"@type\":\"ListItem\",\"position\":1,\"name\":\"Home\",\"item\":\"https:\/\/webivores.com\/fr\/\"},{\"@type\":\"ListItem\",\"position\":2,\"name\":\"\u00c0 Propos &#8211; Une agence de marketing num\u00e9rique\"}]},{\"@type\":\"WebSite\",\"@id\":\"https:\/\/webivores.com\/#website\",\"url\":\"https:\/\/webivores.com\/\",\"name\":\"Webivores\",\"description\":\"Ready to grow your business? We are your success partners!\",\"publisher\":{\"@id\":\"https:\/\/webivores.com\/#organization\"},\"potentialAction\":[{\"@type\":\"SearchAction\",\"target\":{\"@type\":\"EntryPoint\",\"urlTemplate\":\"https:\/\/webivores.com\/?s={search_term_string}\"},\"query-input\":\"required name=search_term_string\"}],\"inLanguage\":\"fr-FR\"},{\"@type\":\"Organization\",\"@id\":\"https:\/\/webivores.com\/#organization\",\"name\":\"Webivores\",\"url\":\"https:\/\/webivores.com\/\",\"logo\":{\"@type\":\"ImageObject\",\"inLanguage\":\"fr-FR\",\"@id\":\"https:\/\/webivores.com\/#\/schema\/logo\/image\/\",\"url\":\"https:\/\/webivores.com\/wp-content\/uploads\/2021\/04\/Logo-1.png\",\"contentUrl\":\"https:\/\/webivores.com\/wp-content\/uploads\/2021\/04\/Logo-1.png\",\"width\":262,\"height\":52,\"caption\":\"Webivores\"},\"image\":{\"@id\":\"https:\/\/webivores.com\/#\/schema\/logo\/image\/\"},\"sameAs\":[\"https:\/\/www.facebook.com\/webivores\",\"https:\/\/twitter.com\/Webivores\",\"https:\/\/www.instagram.com\/webivores\/\",\"https:\/\/www.linkedin.com\/company\/webivores\",\"https:\/\/www.pinterest.ca\/webivores\/\",\"https:\/\/www.youtube.com\/channel\/UChWyXcqjN7Kfe65Mc80LfmA\"]}]}<\/script>\n<!-- \/ Yoast SEO Premium plugin. -->","yoast_head_json":{"title":"\u00c0 Propos - Webivores | Une agence de marketing num\u00e9rique qui livre des r\u00e9sultats.","description":"Nous proposons des solutions de marketing entrant SMAPT sur mesure. Notre objectif est de vous aider \u00e0 augmenter vos revenus, am\u00e9liorer votre r\u00e9putation ainsi que votre visibilit\u00e9.","robots":{"index":"index","follow":"follow","max-snippet":"max-snippet:-1","max-image-preview":"max-image-preview:large","max-video-preview":"max-video-preview:-1"},"canonical":"https:\/\/webivores.com\/fr\/a-propos\/","og_locale":"fr_FR","og_type":"article","og_title":"\u00c0 Propos - Une agence de marketing num\u00e9rique","og_description":"Nous proposons des solutions de marketing entrant SMAPT sur mesure. Notre objectif est de vous aider \u00e0 augmenter vos revenus, am\u00e9liorer votre r\u00e9putation ainsi que votre visibilit\u00e9.","og_url":"https:\/\/webivores.com\/fr\/a-propos\/","og_site_name":"Webivores","article_publisher":"https:\/\/www.facebook.com\/webivores","article_modified_time":"2022-03-03T23:23:54+00:00","og_image":[{"width":1600,"height":900,"url":"https:\/\/webivores.com\/wp-content\/uploads\/2021\/05\/background-cover-1.jpg","type":"image\/jpeg"}],"twitter_card":"summary_large_image","twitter_site":"@Webivores","twitter_misc":{"Dur\u00e9e de lecture estim\u00e9e":"3 minutes"},"schema":{"@context":"https:\/\/schema.org","@graph":[{"@type":"WebPage","@id":"https:\/\/webivores.com\/fr\/a-propos\/","url":"https:\/\/webivores.com\/fr\/a-propos\/","name":"\u00c0 Propos - Webivores | Une agence de marketing num\u00e9rique qui livre des r\u00e9sultats.","isPartOf":{"@id":"https:\/\/webivores.com\/#website"},"datePublished":"2021-08-02T02:55:40+00:00","dateModified":"2022-03-03T23:23:54+00:00","description":"Nous proposons des solutions de marketing entrant SMAPT sur mesure. Notre objectif est de vous aider \u00e0 augmenter vos revenus, am\u00e9liorer votre r\u00e9putation ainsi que votre visibilit\u00e9.","breadcrumb":{"@id":"https:\/\/webivores.com\/fr\/a-propos\/#breadcrumb"},"inLanguage":"fr-FR","potentialAction":[{"@type":"ReadAction","target":["https:\/\/webivores.com\/fr\/a-propos\/"]}]},{"@type":"BreadcrumbList","@id":"https:\/\/webivores.com\/fr\/a-propos\/#breadcrumb","itemListElement":[{"@type":"ListItem","position":1,"name":"Home","item":"https:\/\/webivores.com\/fr\/"},{"@type":"ListItem","position":2,"name":"\u00c0 Propos &#8211; Une agence de marketing num\u00e9rique"}]},{"@type":"WebSite","@id":"https:\/\/webivores.com\/#website","url":"https:\/\/webivores.com\/","name":"Webivores","description":"Ready to grow your business? We are your success partners!","publisher":{"@id":"https:\/\/webivores.com\/#organization"},"potentialAction":[{"@type":"SearchAction","target":{"@type":"EntryPoint","urlTemplate":"https:\/\/webivores.com\/?s={search_term_string}"},"query-input":"required name=search_term_string"}],"inLanguage":"fr-FR"},{"@type":"Organization","@id":"https:\/\/webivores.com\/#organization","name":"Webivores","url":"https:\/\/webivores.com\/","logo":{"@type":"ImageObject","inLanguage":"fr-FR","@id":"https:\/\/webivores.com\/#\/schema\/logo\/image\/","url":"https:\/\/webivores.com\/wp-content\/uploads\/2021\/04\/Logo-1.png","contentUrl":"https:\/\/webivores.com\/wp-content\/uploads\/2021\/04\/Logo-1.png","width":262,"height":52,"caption":"Webivores"},"image":{"@id":"https:\/\/webivores.com\/#\/schema\/logo\/image\/"},"sameAs":["https:\/\/www.facebook.com\/webivores","https:\/\/twitter.com\/Webivores","https:\/\/www.instagram.com\/webivores\/","https:\/\/www.linkedin.com\/company\/webivores","https:\/\/www.pinterest.ca\/webivores\/","https:\/\/www.youtube.com\/channel\/UChWyXcqjN7Kfe65Mc80LfmA"]}]}},"_links":{"self":[{"href":"https:\/\/webivores.com\/fr\/wp-json\/wp\/v2\/pages\/84845"}],"collection":[{"href":"https:\/\/webivores.com\/fr\/wp-json\/wp\/v2\/pages"}],"about":[{"href":"https:\/\/webivores.com\/fr\/wp-json\/wp\/v2\/types\/page"}],"author":[{"embeddable":true,"href":"https:\/\/webivores.com\/fr\/wp-json\/wp\/v2\/users\/1"}],"replies":[{"embeddable":true,"href":"https:\/\/webivores.com\/fr\/wp-json\/wp\/v2\/comments?post=84845"}],"version-history":[{"count":3,"href":"https:\/\/webivores.com\/fr\/wp-json\/wp\/v2\/pages\/84845\/revisions"}],"predecessor-version":[{"id":85216,"href":"https:\/\/webivores.com\/fr\/wp-json\/wp\/v2\/pages\/84845\/revisions\/85216"}],"wp:featuredmedia":[{"embeddable":true,"href":"https:\/\/webivores.com\/fr\/wp-json\/wp\/v2\/media\/84445"}],"wp:attachment":[{"href":"https:\/\/webivores.com\/fr\/wp-json\/wp\/v2\/media?parent=84845"}],"curies":[{"name":"wp","href":"https:\/\/api.w.org\/{rel}","templated":true}]}}