{"id":84841,"date":"2021-08-02T02:49:34","date_gmt":"2021-08-02T02:49:34","guid":{"rendered":"http:\/\/webivores.com\/clients-une-agence-de-marketing-numerique\/"},"modified":"2025-04-23T21:48:49","modified_gmt":"2025-04-23T21:48:49","slug":"clients","status":"publish","type":"page","link":"https:\/\/webivores.com\/fr\/clients\/","title":{"rendered":"Clients | Une agence de marketing num\u00e9rique"},"content":{"rendered":"<p>[vc_row row_height_percent=\u00a0\u00bb0&Prime; override_padding=\u00a0\u00bbyes\u00a0\u00bb h_padding=\u00a0\u00bb2&Prime; top_padding=\u00a0\u00bb5&Prime; bottom_padding=\u00a0\u00bb5&Prime; back_image=\u00a0\u00bb83872&Prime; back_repeat=\u00a0\u00bbno-repeat\u00a0\u00bb parallax=\u00a0\u00bbyes\u00a0\u00bb overlay_color=\u00a0\u00bbcolor-lxmt\u00a0\u00bb overlay_alpha=\u00a0\u00bb98&Prime; gutter_size=\u00a0\u00bb100&Prime; column_width_percent=\u00a0\u00bb100&Prime; shift_y=\u00a0\u00bb0&Prime; z_index=\u00a0\u00bb0&Prime; style=\u00a0\u00bbinherited\u00a0\u00bb back_size=\u00a0\u00bbcover\u00a0\u00bb][vc_column column_width_percent=\u00a0\u00bb100&Prime; position_vertical=\u00a0\u00bbmiddle\u00a0\u00bb align_horizontal=\u00a0\u00bbalign_center\u00a0\u00bb gutter_size=\u00a0\u00bb4&Prime; overlay_alpha=\u00a0\u00bb100&Prime; shift_x=\u00a0\u00bb0&Prime; shift_y=\u00a0\u00bb0&Prime; shift_y_down=\u00a0\u00bb0&Prime; z_index=\u00a0\u00bb0&Prime; medium_width=\u00a0\u00bb0&Prime; mobile_width=\u00a0\u00bb0&Prime; zoom_width=\u00a0\u00bb0&Prime; zoom_height=\u00a0\u00bb0&Prime; width=\u00a0\u00bb1\/1&Prime;][vc_custom_heading text_size=\u00a0\u00bbfontsize-338686&Prime; css_animation=\u00a0\u00bbbottom-t-top\u00a0\u00bb]Nos clients[\/vc_custom_heading][uncode_index el_id=\u00a0\u00bbindex-clients-grid-1&Prime; isotope_mode=\u00a0\u00bbfitRows\u00a0\u00bb loop=\u00a0\u00bbsize:All|order_by:date|order:ASC|post_type:client|categories:74|taxonomy_count:10&Prime; gutter_size=\u00a0\u00bb3&Prime; post_items=\u00a0\u00bbmedia|featured|onpost|poster,date,title,text|excerpt|90,category|bordered|topright|hide-icon\u00a0\u00bb portfolio_items=\u00a0\u00bbmedia|featured|onpost|original,title,icon|sm\u00a0\u00bb client_items=\u00a0\u00bbtitle,media|featured|onpost|original,spacer|one,link|default|default_size,spacer_two|one,icon|md\u00a0\u00bb screen_lg=\u00a0\u00bb1000&Prime; screen_md=\u00a0\u00bb600&Prime; screen_sm=\u00a0\u00bb480&Prime; images_size=\u00a0\u00bbtwo-one\u00a0\u00bb single_overlay_color=\u00a0\u00bbcolor-167400&Prime; single_overlay_opacity=\u00a0\u00bb90&Prime; single_h_align=\u00a0\u00bbcenter\u00a0\u00bb single_padding=\u00a0\u00bb1&Prime; single_title_dimension=\u00a0\u00bbh4&Prime; single_title_weight=\u00a0\u00bb700&Prime; single_shadow=\u00a0\u00bbyes\u00a0\u00bb shadow_weight=\u00a0\u00bbsm\u00a0\u00bb single_border=\u00a0\u00bbyes\u00a0\u00bb clients_items=\u00a0\u00bbicon|md,media|featured|onpost|original,title,spacer|one,link|circle|default_size,spacer_two|one\u00a0\u00bb single_icon=\u00a0\u00bbfa fa-external-link\u00a0\u00bb][uncode_index el_id=\u00a0\u00bbindex-clients-grid-2&Prime; isotope_mode=\u00a0\u00bbfitRows\u00a0\u00bb loop=\u00a0\u00bbsize:All|order_by:date|order:ASC|post_type:client|categories:101|taxonomy_count:10&Prime; gutter_size=\u00a0\u00bb3&Prime; post_items=\u00a0\u00bbmedia|featured|onpost|poster,date,title,text|excerpt|90,category|bordered|topright|hide-icon\u00a0\u00bb portfolio_items=\u00a0\u00bbmedia|featured|onpost|original,title,icon|sm\u00a0\u00bb client_items=\u00a0\u00bbtitle,media|featured|nolink|original,text|excerpt,spacer|half\u00a0\u00bb screen_lg=\u00a0\u00bb1000&Prime; screen_md=\u00a0\u00bb600&Prime; screen_sm=\u00a0\u00bb480&Prime; images_size=\u00a0\u00bbtwo-one\u00a0\u00bb single_overlay_opacity=\u00a0\u00bb1&Prime; single_h_align=\u00a0\u00bbcenter\u00a0\u00bb single_padding=\u00a0\u00bb1&Prime; single_title_dimension=\u00a0\u00bbh4&Prime; single_title_weight=\u00a0\u00bb700&Prime; single_shadow=\u00a0\u00bbyes\u00a0\u00bb shadow_weight=\u00a0\u00bbsm\u00a0\u00bb single_border=\u00a0\u00bbyes\u00a0\u00bb clients_items=\u00a0\u00bbmedia|featured|nolink|original,title\u00a0\u00bb single_icon=\u00a0\u00bbfa fa-external-link\u00a0\u00bb][\/vc_column][\/vc_row][vc_row row_height_percent=\u00a0\u00bb0&Prime; override_padding=\u00a0\u00bbyes\u00a0\u00bb h_padding=\u00a0\u00bb2&Prime; top_padding=\u00a0\u00bb5&Prime; bottom_padding=\u00a0\u00bb5&Prime; back_color=\u00a0\u00bbaccent\u00a0\u00bb back_image=\u00a0\u00bb83867&Prime; back_repeat=\u00a0\u00bbno-repeat\u00a0\u00bb back_position=\u00a0\u00bbcenter center\u00a0\u00bb parallax=\u00a0\u00bbyes\u00a0\u00bb overlay_color=\u00a0\u00bbcolor-232845&Prime; overlay_alpha=\u00a0\u00bb80&Prime; gutter_size=\u00a0\u00bb100&Prime; column_width_percent=\u00a0\u00bb100&Prime; shift_y=\u00a0\u00bb0&Prime; z_index=\u00a0\u00bb0&Prime; desktop_visibility=\u00a0\u00bbyes\u00a0\u00bb medium_visibility=\u00a0\u00bbyes\u00a0\u00bb mobile_visibility=\u00a0\u00bbyes\u00a0\u00bb style=\u00a0\u00bbinherited\u00a0\u00bb back_size=\u00a0\u00bbcover\u00a0\u00bb][vc_column column_width_percent=\u00a0\u00bb100&Prime; position_vertical=\u00a0\u00bbmiddle\u00a0\u00bb align_horizontal=\u00a0\u00bbalign_center\u00a0\u00bb gutter_size=\u00a0\u00bb3&Prime; style=\u00a0\u00bbdark\u00a0\u00bb overlay_alpha=\u00a0\u00bb100&Prime; shift_x=\u00a0\u00bb0&Prime; shift_y=\u00a0\u00bb0&Prime; shift_y_down=\u00a0\u00bb0&Prime; z_index=\u00a0\u00bb0&Prime; medium_width=\u00a0\u00bb0&Prime; mobile_width=\u00a0\u00bb0&Prime; css_animation=\u00a0\u00bbzoom-in\u00a0\u00bb animation_delay=\u00a0\u00bb200&Prime; zoom_width=\u00a0\u00bb0&Prime; zoom_height=\u00a0\u00bb0&Prime; width=\u00a0\u00bb1\/1&Prime;][vc_custom_heading text_size=\u00a0\u00bbfontsize-338686&Prime;]T\u00e9moignages de nos clients[\/vc_custom_heading][vc_empty_space empty_h=\u00a0\u00bb1&Prime;][vc_gallery el_id=\u00a0\u00bbgallery-598392928&Prime; type=\u00a0\u00bbcarousel\u00a0\u00bb medias=\u00a0\u00bb83911,83912,83913&Prime; carousel_lg=\u00a0\u00bb1&Prime; carousel_md=\u00a0\u00bb1&Prime; carousel_sm=\u00a0\u00bb1&Prime; gutter_size=\u00a0\u00bb0&Prime; media_items=\u00a0\u00bbmedia|lightbox|original\u00a0\u00bb carousel_type=\u00a0\u00bbfade\u00a0\u00bb carousel_interval=\u00a0\u00bb5000&Prime; carousel_navspeed=\u00a0\u00bb400&Prime; carousel_dots=\u00a0\u00bbyes\u00a0\u00bb carousel_dots_mobile=\u00a0\u00bbyes\u00a0\u00bb carousel_autoh=\u00a0\u00bbyes\u00a0\u00bb carousel_textual=\u00a0\u00bbyes\u00a0\u00bb stage_padding=\u00a0\u00bb0&Prime; single_overlay_opacity=\u00a0\u00bb50&Prime; single_overlay_anim=\u00a0\u00bbno\u00a0\u00bb single_text_anim=\u00a0\u00bbno\u00a0\u00bb single_image_anim=\u00a0\u00bbno\u00a0\u00bb single_h_align=\u00a0\u00bbcenter\u00a0\u00bb single_padding=\u00a0\u00bb2&Prime; single_title_dimension=\u00a0\u00bbh2&Prime; single_title_weight=\u00a0\u00bb500&Prime; single_css_animation=\u00a0\u00bbzoom-in\u00a0\u00bb single_animation_delay=\u00a0\u00bb200&Prime; carousel_twitter=\u00a0\u00bbyes\u00a0\u00bb title=\u00a0\u00bbT\u00e9moignages\u00a0\u00bb][\/vc_column][\/vc_row]<\/p>\n","protected":false},"excerpt":{"rendered":"<p>[vc_row row_height_percent=\u00a0\u00bb0&Prime; override_padding=\u00a0\u00bbyes\u00a0\u00bb h_padding=\u00a0\u00bb2&Prime; top_padding=\u00a0\u00bb5&Prime; bottom_padding=\u00a0\u00bb5&Prime; back_image=\u00a0\u00bb83872&Prime; back_repeat=\u00a0\u00bbno-repeat\u00a0\u00bb parallax=\u00a0\u00bbyes\u00a0\u00bb overlay_color=\u00a0\u00bbcolor-lxmt\u00a0\u00bb overlay_alpha=\u00a0\u00bb98&Prime; gutter_size=\u00a0\u00bb100&Prime; column_width_percent=\u00a0\u00bb100&Prime; shift_y=\u00a0\u00bb0&Prime; z_index=\u00a0\u00bb0&Prime; style=\u00a0\u00bbinherited\u00a0\u00bb back_size=\u00a0\u00bbcover\u00a0\u00bb][vc_column column_width_percent=\u00a0\u00bb100&Prime; position_vertical=\u00a0\u00bbmiddle\u00a0\u00bb align_horizontal=\u00a0\u00bbalign_center\u00a0\u00bb [&hellip;]<\/p>\n","protected":false},"author":1,"featured_media":85079,"parent":0,"menu_order":0,"comment_status":"closed","ping_status":"closed","template":"","meta":{"content-type":""},"yoast_head":"<!-- This site is optimized with the Yoast SEO Premium plugin v20.6 (Yoast SEO v20.6) - https:\/\/yoast.com\/wordpress\/plugins\/seo\/ -->\n<title>Nos clients - Webivores | Une agence de marketing num\u00e9rique qui livre des r\u00e9sultats.<\/title>\n<meta name=\"description\" content=\"Nos clients sont nos partenaires. Nous travaillons ensemble pour atteindre et d\u00e9passer leurs objectifs. Voici une liste non exclusive de nos clients. En savoir plus\" \/>\n<meta name=\"robots\" content=\"index, follow, max-snippet:-1, max-image-preview:large, max-video-preview:-1\" \/>\n<link rel=\"canonical\" href=\"https:\/\/webivores.com\/fr\/clients\/\" \/>\n<meta property=\"og:locale\" content=\"fr_FR\" \/>\n<meta property=\"og:type\" content=\"article\" \/>\n<meta property=\"og:title\" content=\"Clients | Une agence de marketing num\u00e9rique\" \/>\n<meta property=\"og:description\" content=\"Nos clients sont nos partenaires. Nous travaillons ensemble pour atteindre et d\u00e9passer leurs objectifs. Voici une liste non exclusive de nos clients. En savoir plus\" \/>\n<meta property=\"og:url\" content=\"https:\/\/webivores.com\/fr\/clients\/\" \/>\n<meta property=\"og:site_name\" content=\"Webivores\" \/>\n<meta property=\"article:publisher\" content=\"https:\/\/www.facebook.com\/webivores\" \/>\n<meta property=\"article:modified_time\" content=\"2025-04-23T21:48:49+00:00\" \/>\n<meta property=\"og:image\" content=\"https:\/\/webivores.com\/wp-content\/uploads\/2021\/05\/background-cover-1.jpg\" \/>\n\t<meta property=\"og:image:width\" content=\"1600\" \/>\n\t<meta property=\"og:image:height\" content=\"900\" \/>\n\t<meta property=\"og:image:type\" content=\"image\/jpeg\" \/>\n<meta name=\"twitter:card\" content=\"summary_large_image\" \/>\n<meta name=\"twitter:site\" content=\"@Webivores\" \/>\n<meta name=\"twitter:label1\" content=\"Dur\u00e9e de lecture estim\u00e9e\" \/>\n\t<meta name=\"twitter:data1\" content=\"3 minutes\" \/>\n<script type=\"application\/ld+json\" class=\"yoast-schema-graph\">{\"@context\":\"https:\/\/schema.org\",\"@graph\":[{\"@type\":\"WebPage\",\"@id\":\"https:\/\/webivores.com\/fr\/clients\/\",\"url\":\"https:\/\/webivores.com\/fr\/clients\/\",\"name\":\"Nos clients - Webivores | Une agence de marketing num\u00e9rique qui livre des r\u00e9sultats.\",\"isPartOf\":{\"@id\":\"https:\/\/webivores.com\/#website\"},\"datePublished\":\"2021-08-02T02:49:34+00:00\",\"dateModified\":\"2025-04-23T21:48:49+00:00\",\"description\":\"Nos clients sont nos partenaires. Nous travaillons ensemble pour atteindre et d\u00e9passer leurs objectifs. Voici une liste non exclusive de nos clients. En savoir plus\",\"breadcrumb\":{\"@id\":\"https:\/\/webivores.com\/fr\/clients\/#breadcrumb\"},\"inLanguage\":\"fr-FR\",\"potentialAction\":[{\"@type\":\"ReadAction\",\"target\":[\"https:\/\/webivores.com\/fr\/clients\/\"]}]},{\"@type\":\"BreadcrumbList\",\"@id\":\"https:\/\/webivores.com\/fr\/clients\/#breadcrumb\",\"itemListElement\":[{\"@type\":\"ListItem\",\"position\":1,\"name\":\"Home\",\"item\":\"https:\/\/webivores.com\/fr\/\"},{\"@type\":\"ListItem\",\"position\":2,\"name\":\"Clients | Une agence de marketing num\u00e9rique\"}]},{\"@type\":\"WebSite\",\"@id\":\"https:\/\/webivores.com\/#website\",\"url\":\"https:\/\/webivores.com\/\",\"name\":\"Webivores\",\"description\":\"Ready to grow your business? We are your success partners!\",\"publisher\":{\"@id\":\"https:\/\/webivores.com\/#organization\"},\"potentialAction\":[{\"@type\":\"SearchAction\",\"target\":{\"@type\":\"EntryPoint\",\"urlTemplate\":\"https:\/\/webivores.com\/?s={search_term_string}\"},\"query-input\":\"required name=search_term_string\"}],\"inLanguage\":\"fr-FR\"},{\"@type\":\"Organization\",\"@id\":\"https:\/\/webivores.com\/#organization\",\"name\":\"Webivores\",\"url\":\"https:\/\/webivores.com\/\",\"logo\":{\"@type\":\"ImageObject\",\"inLanguage\":\"fr-FR\",\"@id\":\"https:\/\/webivores.com\/#\/schema\/logo\/image\/\",\"url\":\"https:\/\/webivores.com\/wp-content\/uploads\/2021\/04\/Logo-1.png\",\"contentUrl\":\"https:\/\/webivores.com\/wp-content\/uploads\/2021\/04\/Logo-1.png\",\"width\":262,\"height\":52,\"caption\":\"Webivores\"},\"image\":{\"@id\":\"https:\/\/webivores.com\/#\/schema\/logo\/image\/\"},\"sameAs\":[\"https:\/\/www.facebook.com\/webivores\",\"https:\/\/twitter.com\/Webivores\",\"https:\/\/www.instagram.com\/webivores\/\",\"https:\/\/www.linkedin.com\/company\/webivores\",\"https:\/\/www.pinterest.ca\/webivores\/\",\"https:\/\/www.youtube.com\/channel\/UChWyXcqjN7Kfe65Mc80LfmA\"]}]}<\/script>\n<!-- \/ Yoast SEO Premium plugin. -->","yoast_head_json":{"title":"Nos clients - Webivores | Une agence de marketing num\u00e9rique qui livre des r\u00e9sultats.","description":"Nos clients sont nos partenaires. Nous travaillons ensemble pour atteindre et d\u00e9passer leurs objectifs. Voici une liste non exclusive de nos clients. En savoir plus","robots":{"index":"index","follow":"follow","max-snippet":"max-snippet:-1","max-image-preview":"max-image-preview:large","max-video-preview":"max-video-preview:-1"},"canonical":"https:\/\/webivores.com\/fr\/clients\/","og_locale":"fr_FR","og_type":"article","og_title":"Clients | Une agence de marketing num\u00e9rique","og_description":"Nos clients sont nos partenaires. Nous travaillons ensemble pour atteindre et d\u00e9passer leurs objectifs. Voici une liste non exclusive de nos clients. En savoir plus","og_url":"https:\/\/webivores.com\/fr\/clients\/","og_site_name":"Webivores","article_publisher":"https:\/\/www.facebook.com\/webivores","article_modified_time":"2025-04-23T21:48:49+00:00","og_image":[{"width":1600,"height":900,"url":"https:\/\/webivores.com\/wp-content\/uploads\/2021\/05\/background-cover-1.jpg","type":"image\/jpeg"}],"twitter_card":"summary_large_image","twitter_site":"@Webivores","twitter_misc":{"Dur\u00e9e de lecture estim\u00e9e":"3 minutes"},"schema":{"@context":"https:\/\/schema.org","@graph":[{"@type":"WebPage","@id":"https:\/\/webivores.com\/fr\/clients\/","url":"https:\/\/webivores.com\/fr\/clients\/","name":"Nos clients - Webivores | Une agence de marketing num\u00e9rique qui livre des r\u00e9sultats.","isPartOf":{"@id":"https:\/\/webivores.com\/#website"},"datePublished":"2021-08-02T02:49:34+00:00","dateModified":"2025-04-23T21:48:49+00:00","description":"Nos clients sont nos partenaires. Nous travaillons ensemble pour atteindre et d\u00e9passer leurs objectifs. Voici une liste non exclusive de nos clients. En savoir plus","breadcrumb":{"@id":"https:\/\/webivores.com\/fr\/clients\/#breadcrumb"},"inLanguage":"fr-FR","potentialAction":[{"@type":"ReadAction","target":["https:\/\/webivores.com\/fr\/clients\/"]}]},{"@type":"BreadcrumbList","@id":"https:\/\/webivores.com\/fr\/clients\/#breadcrumb","itemListElement":[{"@type":"ListItem","position":1,"name":"Home","item":"https:\/\/webivores.com\/fr\/"},{"@type":"ListItem","position":2,"name":"Clients | Une agence de marketing num\u00e9rique"}]},{"@type":"WebSite","@id":"https:\/\/webivores.com\/#website","url":"https:\/\/webivores.com\/","name":"Webivores","description":"Ready to grow your business? We are your success partners!","publisher":{"@id":"https:\/\/webivores.com\/#organization"},"potentialAction":[{"@type":"SearchAction","target":{"@type":"EntryPoint","urlTemplate":"https:\/\/webivores.com\/?s={search_term_string}"},"query-input":"required name=search_term_string"}],"inLanguage":"fr-FR"},{"@type":"Organization","@id":"https:\/\/webivores.com\/#organization","name":"Webivores","url":"https:\/\/webivores.com\/","logo":{"@type":"ImageObject","inLanguage":"fr-FR","@id":"https:\/\/webivores.com\/#\/schema\/logo\/image\/","url":"https:\/\/webivores.com\/wp-content\/uploads\/2021\/04\/Logo-1.png","contentUrl":"https:\/\/webivores.com\/wp-content\/uploads\/2021\/04\/Logo-1.png","width":262,"height":52,"caption":"Webivores"},"image":{"@id":"https:\/\/webivores.com\/#\/schema\/logo\/image\/"},"sameAs":["https:\/\/www.facebook.com\/webivores","https:\/\/twitter.com\/Webivores","https:\/\/www.instagram.com\/webivores\/","https:\/\/www.linkedin.com\/company\/webivores","https:\/\/www.pinterest.ca\/webivores\/","https:\/\/www.youtube.com\/channel\/UChWyXcqjN7Kfe65Mc80LfmA"]}]}},"_links":{"self":[{"href":"https:\/\/webivores.com\/fr\/wp-json\/wp\/v2\/pages\/84841"}],"collection":[{"href":"https:\/\/webivores.com\/fr\/wp-json\/wp\/v2\/pages"}],"about":[{"href":"https:\/\/webivores.com\/fr\/wp-json\/wp\/v2\/types\/page"}],"author":[{"embeddable":true,"href":"https:\/\/webivores.com\/fr\/wp-json\/wp\/v2\/users\/1"}],"replies":[{"embeddable":true,"href":"https:\/\/webivores.com\/fr\/wp-json\/wp\/v2\/comments?post=84841"}],"version-history":[{"count":5,"href":"https:\/\/webivores.com\/fr\/wp-json\/wp\/v2\/pages\/84841\/revisions"}],"predecessor-version":[{"id":85401,"href":"https:\/\/webivores.com\/fr\/wp-json\/wp\/v2\/pages\/84841\/revisions\/85401"}],"wp:featuredmedia":[{"embeddable":true,"href":"https:\/\/webivores.com\/fr\/wp-json\/wp\/v2\/media\/85079"}],"wp:attachment":[{"href":"https:\/\/webivores.com\/fr\/wp-json\/wp\/v2\/media?parent=84841"}],"curies":[{"name":"wp","href":"https:\/\/api.w.org\/{rel}","templated":true}]}}