{"id":84838,"date":"2021-08-02T02:44:32","date_gmt":"2021-08-02T02:44:32","guid":{"rendered":"http:\/\/webivores.com\/contact-une-agence-de-marketing-numerique\/"},"modified":"2021-08-02T23:58:15","modified_gmt":"2021-08-02T23:58:15","slug":"contact","status":"publish","type":"page","link":"https:\/\/webivores.com\/fr\/contact\/","title":{"rendered":"Contact &#8211; Une agence de marketing num\u00e9rique"},"content":{"rendered":"<p>[vc_row row_height_percent=\u00a0\u00bb0&Prime; override_padding=\u00a0\u00bbyes\u00a0\u00bb h_padding=\u00a0\u00bb2&Prime; top_padding=\u00a0\u00bb5&Prime; bottom_padding=\u00a0\u00bb5&Prime; overlay_color=\u00a0\u00bbcolor-xsdn\u00a0\u00bb overlay_alpha=\u00a0\u00bb98&Prime; gutter_size=\u00a0\u00bb3&Prime; column_width_percent=\u00a0\u00bb100&Prime; shift_y=\u00a0\u00bb0&Prime; z_index=\u00a0\u00bb0&Prime;][vc_column column_width_percent=\u00a0\u00bb100&Prime; align_horizontal=\u00a0\u00bbalign_center\u00a0\u00bb gutter_size=\u00a0\u00bb3&Prime; overlay_alpha=\u00a0\u00bb50&Prime; shift_x=\u00a0\u00bb0&Prime; shift_y=\u00a0\u00bb0&Prime; shift_y_down=\u00a0\u00bb0&Prime; z_index=\u00a0\u00bb0&Prime; medium_width=\u00a0\u00bb0&Prime; mobile_width=\u00a0\u00bb0&Prime; width=\u00a0\u00bb1\/1&Prime; el_class=\u00a0\u00bbwhy-us-teasers\u00a0\u00bb][vc_custom_heading text_size=\u00a0\u00bbfontsize-338686&Prime; css_animation=\u00a0\u00bbbottom-t-top\u00a0\u00bb]Pour nous joindre?[\/vc_custom_heading][vc_column_text text_lead=\u00a0\u00bbyes\u00a0\u00bb css_animation=\u00a0\u00bbbottom-t-top\u00a0\u00bb animation_delay=\u00a0\u00bb200&Prime;]Nous serions ravis d\u2019organiser un rendez-vous avec vous pour r\u00e9pondre \u00e0 vos questions. Voici comment vous pouvez nous joindre\u2026[\/vc_column_text][vc_empty_space empty_h=\u00a0\u00bb2&Prime;][vc_row_inner][vc_column_inner column_width_percent=\u00a0\u00bb100&Prime; align_horizontal=\u00a0\u00bbalign_center\u00a0\u00bb gutter_size=\u00a0\u00bb3&Prime; overlay_alpha=\u00a0\u00bb50&Prime; shift_x=\u00a0\u00bb0&Prime; shift_y=\u00a0\u00bb0&Prime; shift_y_down=\u00a0\u00bb0&Prime; z_index=\u00a0\u00bb0&Prime; medium_width=\u00a0\u00bb7&Prime; mobile_width=\u00a0\u00bb0&Prime; width=\u00a0\u00bb1\/3&Prime;][vc_icon icon=\u00a0\u00bbfa fa-apartment\u00a0\u00bb icon_image=\u00a0\u00bb83994&Prime; media_size=\u00a0\u00bb120&Prime; heading_semantic=\u00a0\u00bbh4&Prime; text_size=\u00a0\u00bbh4&Prime; text_weight=\u00a0\u00bb500&Prime; text_reduced=\u00a0\u00bbyes\u00a0\u00bb css_animation=\u00a0\u00bbzoom-out\u00a0\u00bb title=\u00a0\u00bbADRESSE\u00a0\u00bb]2572, boulevard Daniel-Johnson, 2e \u00e9tage,<br \/>\nLaval, Qu\u00e9bec, H7T 2R3, Canada[\/vc_icon][\/vc_column_inner][vc_column_inner column_width_percent=\u00a0\u00bb100&Prime; align_horizontal=\u00a0\u00bbalign_center\u00a0\u00bb gutter_size=\u00a0\u00bb3&Prime; overlay_alpha=\u00a0\u00bb50&Prime; shift_x=\u00a0\u00bb0&Prime; shift_y=\u00a0\u00bb0&Prime; shift_y_down=\u00a0\u00bb0&Prime; z_index=\u00a0\u00bb0&Prime; medium_width=\u00a0\u00bb4&Prime; mobile_width=\u00a0\u00bb0&Prime; width=\u00a0\u00bb1\/3&Prime; link_to=\u00a0\u00bburl:mailto%3Ainfo%40kanzlei34.de\u00a0\u00bb][vc_icon icon=\u00a0\u00bbfa fa-envelope3&Prime; icon_image=\u00a0\u00bb83996&Prime; media_size=\u00a0\u00bb120&Prime; heading_semantic=\u00a0\u00bbh4&Prime; text_size=\u00a0\u00bbh4&Prime; text_weight=\u00a0\u00bb500&Prime; text_reduced=\u00a0\u00bbyes\u00a0\u00bb css_animation=\u00a0\u00bbzoom-out\u00a0\u00bb animation_delay=\u00a0\u00bb200&Prime; title=\u00a0\u00bbE-MAIL\u00a0\u00bb]info@webivores.com[\/vc_icon][\/vc_column_inner][vc_column_inner column_width_percent=\u00a0\u00bb100&Prime; align_horizontal=\u00a0\u00bbalign_center\u00a0\u00bb gutter_size=\u00a0\u00bb3&Prime; overlay_alpha=\u00a0\u00bb50&Prime; shift_x=\u00a0\u00bb0&Prime; shift_y=\u00a0\u00bb0&Prime; shift_y_down=\u00a0\u00bb0&Prime; z_index=\u00a0\u00bb0&Prime; medium_width=\u00a0\u00bb4&Prime; mobile_width=\u00a0\u00bb0&Prime; width=\u00a0\u00bb1\/3&Prime; link_to=\u00a0\u00bburl:tel%3A0511990530&Prime;][vc_icon icon=\u00a0\u00bbfa fa-phone4&Prime; icon_image=\u00a0\u00bb83995&Prime; media_size=\u00a0\u00bb120&Prime; heading_semantic=\u00a0\u00bbh4&Prime; text_size=\u00a0\u00bbh4&Prime; text_weight=\u00a0\u00bb500&Prime; text_reduced=\u00a0\u00bbyes\u00a0\u00bb css_animation=\u00a0\u00bbzoom-out\u00a0\u00bb animation_delay=\u00a0\u00bb400&Prime; title=\u00a0\u00bbT\u00e9l\u00e9phone\u00a0\u00bb]+1.514.247.6060[\/vc_icon][\/vc_column_inner][\/vc_row_inner][\/vc_column][\/vc_row][vc_row unlock_row_content=\u00a0\u00bbyes\u00a0\u00bb row_height_percent=\u00a0\u00bb0&Prime; override_padding=\u00a0\u00bbyes\u00a0\u00bb h_padding=\u00a0\u00bb0&Prime; top_padding=\u00a0\u00bb0&Prime; bottom_padding=\u00a0\u00bb0&Prime; overlay_alpha=\u00a0\u00bb50&Prime; gutter_size=\u00a0\u00bb0&Prime; column_width_percent=\u00a0\u00bb100&Prime; shift_y=\u00a0\u00bb0&Prime; z_index=\u00a0\u00bb0&Prime; css=\u00a0\u00bb.vc_custom_1627948526043{padding-right: 0px !important;padding-left: 0px !important;}\u00a0\u00bb shape_dividers=\u00a0\u00bb\u00a0\u00bb][vc_column column_width_percent=\u00a0\u00bb100&Prime; gutter_size=\u00a0\u00bb3&Prime; overlay_alpha=\u00a0\u00bb50&Prime; shift_x=\u00a0\u00bb0&Prime; shift_y=\u00a0\u00bb0&Prime; shift_y_down=\u00a0\u00bb0&Prime; z_index=\u00a0\u00bb0&Prime; medium_width=\u00a0\u00bb0&Prime; mobile_width=\u00a0\u00bb0&Prime; css_animation=\u00a0\u00bbzoom-in\u00a0\u00bb width=\u00a0\u00bb1\/1&Prime; css=\u00a0\u00bb.vc_custom_1606674927635{padding-right: 0px !important;padding-left: 0px !important;}\u00a0\u00bb][vc_raw_html]JTNDaWZyYW1lJTIwc3JjJTNEJTIyaHR0cHMlM0ElMkYlMkZ3d3cuZ29vZ2xlLmNvbSUyRm1hcHMlMkZlbWJlZCUzRnBiJTNEJTIxMW0xOCUyMTFtMTIlMjExbTMlMjExZDI3OTMuMTQwNjA3MTc1NjgzNyUyMTJkLTczLjc1OTMwODY4NDU1NDQ0JTIxM2Q0NS41Njc2MTA5NzkxMDIyNiUyMTJtMyUyMTFmMCUyMTJmMCUyMTNmMCUyMTNtMiUyMTFpMTAyNCUyMTJpNzY4JTIxNGYxMy4xJTIxM20zJTIxMW0yJTIxMXMweDRjYzkyODI4MDM3Yjc5ZTMlMjUzQTB4M2EyNWY4ZjIyZjNkMzg4OSUyMTJzV2ViaXZvcmVzJTIxNWUwJTIxM20yJTIxMXNlbiUyMTJzYmclMjE0djE2Mjc5NDg2MzIzNTYlMjE1bTIlMjExc2VuJTIxMnNiZyUyMiUyMHdpZHRoJTNEJTIyNjAwJTIyJTIwaGVpZ2h0JTNEJTIyNDUwJTIyJTIwc3R5bGUlM0QlMjJib3JkZXIlM0EwJTNCJTIyJTIwYWxsb3dmdWxsc2NyZWVuJTNEJTIyJTIyJTIwbG9hZGluZyUzRCUyMmxhenklMjIlM0UlM0MlMkZpZnJhbWUlM0U=[\/vc_raw_html][\/vc_column][\/vc_row][vc_row unlock_row_content=\u00a0\u00bbyes\u00a0\u00bb row_height_percent=\u00a0\u00bb0&Prime; override_padding=\u00a0\u00bbyes\u00a0\u00bb h_padding=\u00a0\u00bb0&Prime; top_padding=\u00a0\u00bb0&Prime; bottom_padding=\u00a0\u00bb0&Prime; overlay_alpha=\u00a0\u00bb50&Prime; gutter_size=\u00a0\u00bb0&Prime; column_width_percent=\u00a0\u00bb100&Prime; shift_y=\u00a0\u00bb0&Prime; z_index=\u00a0\u00bb0&Prime; css=\u00a0\u00bb.vc_custom_1606673914695{padding-right: 0px !important;padding-left: 0px !important;}\u00a0\u00bb][vc_column column_width_percent=\u00a0\u00bb100&Prime; gutter_size=\u00a0\u00bb3&Prime; overlay_alpha=\u00a0\u00bb50&Prime; shift_x=\u00a0\u00bb0&Prime; shift_y=\u00a0\u00bb0&Prime; shift_y_down=\u00a0\u00bb0&Prime; z_index=\u00a0\u00bb0&Prime; medium_width=\u00a0\u00bb0&Prime; mobile_width=\u00a0\u00bb0&Prime; css_animation=\u00a0\u00bbzoom-in\u00a0\u00bb width=\u00a0\u00bb1\/1&Prime; css=\u00a0\u00bb.vc_custom_1606674927635{padding-right: 0px !important;padding-left: 0px !important;}\u00a0\u00bb][\/vc_column][\/vc_row][vc_row row_height_percent=\u00a0\u00bb0&Prime; override_padding=\u00a0\u00bbyes\u00a0\u00bb h_padding=\u00a0\u00bb2&Prime; top_padding=\u00a0\u00bb4&Prime; bottom_padding=\u00a0\u00bb5&Prime; back_image=\u00a0\u00bb83872&Prime; back_repeat=\u00a0\u00bbno-repeat\u00a0\u00bb parallax=\u00a0\u00bbyes\u00a0\u00bb overlay_color=\u00a0\u00bbcolor-xsdn\u00a0\u00bb overlay_alpha=\u00a0\u00bb98&Prime; gutter_size=\u00a0\u00bb100&Prime; column_width_percent=\u00a0\u00bb100&Prime; shift_y=\u00a0\u00bb0&Prime; z_index=\u00a0\u00bb0&Prime; style=\u00a0\u00bbinherited\u00a0\u00bb back_size=\u00a0\u00bbcontain\u00a0\u00bb][vc_column column_width_percent=\u00a0\u00bb100&Prime; align_horizontal=\u00a0\u00bbalign_center\u00a0\u00bb gutter_size=\u00a0\u00bb3&Prime; overlay_alpha=\u00a0\u00bb100&Prime; shift_x=\u00a0\u00bb0&Prime; shift_y=\u00a0\u00bb0&Prime; shift_y_down=\u00a0\u00bb0&Prime; z_index=\u00a0\u00bb0&Prime; medium_width=\u00a0\u00bb100&Prime; mobile_width=\u00a0\u00bb0&Prime; zoom_width=\u00a0\u00bb0&Prime; zoom_height=\u00a0\u00bb0&Prime; width=\u00a0\u00bb1\/1&Prime;][vc_row_inner][vc_column_inner column_width_use_pixel=\u00a0\u00bbyes\u00a0\u00bb position_vertical=\u00a0\u00bbmiddle\u00a0\u00bb align_horizontal=\u00a0\u00bbalign_center\u00a0\u00bb gutter_size=\u00a0\u00bb3&Prime; overlay_alpha=\u00a0\u00bb50&Prime; shift_x=\u00a0\u00bb0&Prime; shift_y=\u00a0\u00bb0&Prime; shift_y_down=\u00a0\u00bb0&Prime; z_index=\u00a0\u00bb0&Prime; medium_width=\u00a0\u00bb0&Prime; mobile_width=\u00a0\u00bb0&Prime; width=\u00a0\u00bb1\/1&Prime; column_width_pixel=\u00a0\u00bb900&Prime;][vc_custom_heading heading_semantic=\u00a0\u00bbh1&Prime; text_size=\u00a0\u00bbfontsize-338686&Prime; css_animation=\u00a0\u00bbbottom-t-top\u00a0\u00bb]R\u00e9servez votre<br \/>\nconsultation GRATUITE![\/vc_custom_heading][vc_column_text text_lead=\u00a0\u00bbyes\u00a0\u00bb css_animation=\u00a0\u00bbbottom-t-top\u00a0\u00bb animation_delay=\u00a0\u00bb200&Prime;]Contactez-nous maintenant pour une consultation gratuite avec un de nos strat\u00e8ges afin de comprendre vos besoins et vous proposer un plan. Notre objectif est de vous aider \u00e0 augmenter vos revenus, am\u00e9liorer votre r\u00e9putation ainsi que votre visibilit\u00e9. Il ne vous reste plus qu&rsquo;\u00e0 nous contacter![\/vc_column_text][vc_empty_space empty_h=\u00a0\u00bb2&Prime;][\/vc_column_inner][\/vc_row_inner][vc_row_inner row_inner_height_percent=\u00a0\u00bb0&Prime; overlay_alpha=\u00a0\u00bb50&Prime; gutter_size=\u00a0\u00bb3&Prime; shift_y=\u00a0\u00bb0&Prime; z_index=\u00a0\u00bb0&Prime;][vc_column_inner column_width_use_pixel=\u00a0\u00bbyes\u00a0\u00bb align_horizontal=\u00a0\u00bbalign_center\u00a0\u00bb gutter_size=\u00a0\u00bb3&Prime; overlay_alpha=\u00a0\u00bb50&Prime; shift_x=\u00a0\u00bb0&Prime; shift_y=\u00a0\u00bb0&Prime; shift_y_down=\u00a0\u00bb0&Prime; z_index=\u00a0\u00bb0&Prime; medium_width=\u00a0\u00bb0&Prime; mobile_width=\u00a0\u00bb0&Prime; css_animation=\u00a0\u00bbbottom-t-top\u00a0\u00bb animation_delay=\u00a0\u00bb200&Prime; width=\u00a0\u00bb1\/1&Prime; column_width_pixel=\u00a0\u00bb850&Prime;]\n<div class=\"wpcf7 no-js\" id=\"wpcf7-f84253-o1\" lang=\"en-US\" dir=\"ltr\">\n<div class=\"screen-reader-response\"><p role=\"status\" aria-live=\"polite\" aria-atomic=\"true\"><\/p> <ul><\/ul><\/div>\n<form action=\"\/fr\/wp-json\/wp\/v2\/pages\/84838#wpcf7-f84253-o1\" method=\"post\" class=\"wpcf7-form init\" aria-label=\"Contact form\" novalidate=\"novalidate\" data-status=\"init\">\n<div style=\"display: none;\">\n<input type=\"hidden\" name=\"_wpcf7\" value=\"84253\" \/>\n<input type=\"hidden\" name=\"_wpcf7_version\" value=\"5.7.7\" \/>\n<input type=\"hidden\" name=\"_wpcf7_locale\" value=\"en_US\" \/>\n<input type=\"hidden\" name=\"_wpcf7_unit_tag\" value=\"wpcf7-f84253-o1\" \/>\n<input type=\"hidden\" name=\"_wpcf7_container_post\" value=\"0\" \/>\n<input type=\"hidden\" name=\"_wpcf7_posted_data_hash\" value=\"\" \/>\n<\/div>\n<div class=\"wpcf7-inline-wrapper\">\n\t<p class=\"wpcf7-inline-field\"><span class=\"wpcf7-form-control-wrap\" data-name=\"your-name\"><input size=\"40\" class=\"wpcf7-form-control wpcf7-text wpcf7-validates-as-required form-fluid\" aria-required=\"true\" aria-invalid=\"false\" placeholder=\"Votre nom *\" value=\"\" type=\"text\" name=\"your-name\" \/><\/span>\n\t<\/p>\n\t<p class=\"wpcf7-inline-field\"><span class=\"wpcf7-form-control-wrap\" data-name=\"your-email\"><input size=\"40\" class=\"wpcf7-form-control wpcf7-text wpcf7-email wpcf7-validates-as-required wpcf7-validates-as-email\" aria-required=\"true\" aria-invalid=\"false\" placeholder=\"Votre E-mail *\" value=\"\" type=\"email\" name=\"your-email\" \/><\/span>\n\t<\/p>\n<\/div>\n<div class=\"wpcf7-inline-wrapper\">\n\t<p class=\"wpcf7-inline-field\"><span class=\"wpcf7-form-control-wrap\" data-name=\"phone\"><input size=\"40\" class=\"wpcf7-form-control wpcf7-text wpcf7-validates-as-required form-fluid\" aria-required=\"true\" aria-invalid=\"false\" placeholder=\"Votre t\u00e9l\u00e9phone *\" value=\"\" type=\"text\" name=\"phone\" \/><\/span>\n\t<\/p>\n\t<p class=\"wpcf7-inline-field\"><span class=\"wpcf7-form-control-wrap\" data-name=\"company\"><input size=\"40\" class=\"wpcf7-form-control wpcf7-text form-fluid\" aria-invalid=\"false\" placeholder=\"Votre soci\u00e9t\u00e9\" value=\"\" type=\"text\" name=\"company\" \/><\/span>\n\t<\/p>\n<\/div>\n<p><span class=\"wpcf7-form-control-wrap\" data-name=\"message\"><textarea cols=\"40\" rows=\"5\" class=\"wpcf7-form-control wpcf7-textarea\" aria-invalid=\"false\" placeholder=\"Ici, vous pouvez taper votre message...\" name=\"message\"><\/textarea><\/span>\n<\/p>\n<p><input class=\"wpcf7-form-control has-spinner wpcf7-submit btn btn-accent\" type=\"submit\" value=\"ENVOYER LE MESSAGE\" \/>\n<\/p><div class=\"wpcf7-response-output\" aria-hidden=\"true\"><\/div>\n<\/form>\n<\/div>\n[\/vc_column_inner][\/vc_row_inner][\/vc_column][\/vc_row]<\/p>\n","protected":false},"excerpt":{"rendered":"<p>[vc_row row_height_percent=\u00a0\u00bb0&Prime; override_padding=\u00a0\u00bbyes\u00a0\u00bb h_padding=\u00a0\u00bb2&Prime; top_padding=\u00a0\u00bb5&Prime; bottom_padding=\u00a0\u00bb5&Prime; overlay_color=\u00a0\u00bbcolor-xsdn\u00a0\u00bb overlay_alpha=\u00a0\u00bb98&Prime; gutter_size=\u00a0\u00bb3&Prime; column_width_percent=\u00a0\u00bb100&Prime; shift_y=\u00a0\u00bb0&Prime; z_index=\u00a0\u00bb0&Prime;][vc_column column_width_percent=\u00a0\u00bb100&Prime; align_horizontal=\u00a0\u00bbalign_center\u00a0\u00bb gutter_size=\u00a0\u00bb3&Prime; overlay_alpha=\u00a0\u00bb50&Prime; shift_x=\u00a0\u00bb0&Prime; shift_y=\u00a0\u00bb0&Prime; shift_y_down=\u00a0\u00bb0&Prime; z_index=\u00a0\u00bb0&Prime; [&hellip;]<\/p>\n","protected":false},"author":1,"featured_media":84445,"parent":0,"menu_order":0,"comment_status":"closed","ping_status":"closed","template":"","meta":{"content-type":""},"yoast_head":"<!-- This site is optimized with the Yoast SEO Premium plugin v20.6 (Yoast SEO v20.6) - https:\/\/yoast.com\/wordpress\/plugins\/seo\/ -->\n<title>Contact - Webivores | Une agence de marketing num\u00e9rique.<\/title>\n<meta name=\"description\" content=\"R\u00e9servez votre consultation GRATUITE! Nous serions ravis d\u2019organiser un rendez-vous avec vous pour r\u00e9pondre \u00e0 vos questions.\" \/>\n<meta name=\"robots\" content=\"index, follow, max-snippet:-1, max-image-preview:large, max-video-preview:-1\" \/>\n<link rel=\"canonical\" href=\"https:\/\/webivores.com\/fr\/contact\/\" \/>\n<meta property=\"og:locale\" content=\"fr_FR\" \/>\n<meta property=\"og:type\" content=\"article\" \/>\n<meta property=\"og:title\" content=\"Contact - Une agence de marketing num\u00e9rique\" \/>\n<meta property=\"og:description\" content=\"R\u00e9servez votre consultation GRATUITE! Nous serions ravis d\u2019organiser un rendez-vous avec vous pour r\u00e9pondre \u00e0 vos questions.\" \/>\n<meta property=\"og:url\" content=\"https:\/\/webivores.com\/fr\/contact\/\" \/>\n<meta property=\"og:site_name\" content=\"Webivores\" \/>\n<meta property=\"article:publisher\" content=\"https:\/\/www.facebook.com\/webivores\" \/>\n<meta property=\"article:modified_time\" content=\"2021-08-02T23:58:15+00:00\" \/>\n<meta property=\"og:image\" content=\"https:\/\/webivores.com\/wp-content\/uploads\/2021\/05\/background-cover-1.jpg\" \/>\n\t<meta property=\"og:image:width\" content=\"1600\" \/>\n\t<meta property=\"og:image:height\" content=\"900\" \/>\n\t<meta property=\"og:image:type\" content=\"image\/jpeg\" \/>\n<meta name=\"twitter:card\" content=\"summary_large_image\" \/>\n<meta name=\"twitter:site\" content=\"@Webivores\" \/>\n<meta name=\"twitter:label1\" content=\"Est. reading time\" \/>\n\t<meta name=\"twitter:data1\" content=\"2 minutes\" \/>\n<script type=\"application\/ld+json\" class=\"yoast-schema-graph\">{\"@context\":\"https:\/\/schema.org\",\"@graph\":[{\"@type\":\"WebPage\",\"@id\":\"https:\/\/webivores.com\/fr\/contact\/\",\"url\":\"https:\/\/webivores.com\/fr\/contact\/\",\"name\":\"Contact - Webivores | Une agence de marketing num\u00e9rique.\",\"isPartOf\":{\"@id\":\"https:\/\/webivores.com\/#website\"},\"datePublished\":\"2021-08-02T02:44:32+00:00\",\"dateModified\":\"2021-08-02T23:58:15+00:00\",\"description\":\"R\u00e9servez votre consultation GRATUITE! Nous serions ravis d\u2019organiser un rendez-vous avec vous pour r\u00e9pondre \u00e0 vos questions.\",\"breadcrumb\":{\"@id\":\"https:\/\/webivores.com\/fr\/contact\/#breadcrumb\"},\"inLanguage\":\"fr-FR\",\"potentialAction\":[{\"@type\":\"ReadAction\",\"target\":[\"https:\/\/webivores.com\/fr\/contact\/\"]}]},{\"@type\":\"BreadcrumbList\",\"@id\":\"https:\/\/webivores.com\/fr\/contact\/#breadcrumb\",\"itemListElement\":[{\"@type\":\"ListItem\",\"position\":1,\"name\":\"Home\",\"item\":\"https:\/\/webivores.com\/fr\/\"},{\"@type\":\"ListItem\",\"position\":2,\"name\":\"Contact &#8211; Une agence de marketing num\u00e9rique\"}]},{\"@type\":\"WebSite\",\"@id\":\"https:\/\/webivores.com\/#website\",\"url\":\"https:\/\/webivores.com\/\",\"name\":\"Webivores\",\"description\":\"Ready to grow your business? We are your success partners!\",\"publisher\":{\"@id\":\"https:\/\/webivores.com\/#organization\"},\"potentialAction\":[{\"@type\":\"SearchAction\",\"target\":{\"@type\":\"EntryPoint\",\"urlTemplate\":\"https:\/\/webivores.com\/?s={search_term_string}\"},\"query-input\":\"required name=search_term_string\"}],\"inLanguage\":\"fr-FR\"},{\"@type\":\"Organization\",\"@id\":\"https:\/\/webivores.com\/#organization\",\"name\":\"Webivores\",\"url\":\"https:\/\/webivores.com\/\",\"logo\":{\"@type\":\"ImageObject\",\"inLanguage\":\"fr-FR\",\"@id\":\"https:\/\/webivores.com\/#\/schema\/logo\/image\/\",\"url\":\"https:\/\/webivores.com\/wp-content\/uploads\/2021\/04\/Logo-1.png\",\"contentUrl\":\"https:\/\/webivores.com\/wp-content\/uploads\/2021\/04\/Logo-1.png\",\"width\":262,\"height\":52,\"caption\":\"Webivores\"},\"image\":{\"@id\":\"https:\/\/webivores.com\/#\/schema\/logo\/image\/\"},\"sameAs\":[\"https:\/\/www.facebook.com\/webivores\",\"https:\/\/twitter.com\/Webivores\",\"https:\/\/www.instagram.com\/webivores\/\",\"https:\/\/www.linkedin.com\/company\/webivores\",\"https:\/\/www.pinterest.ca\/webivores\/\",\"https:\/\/www.youtube.com\/channel\/UChWyXcqjN7Kfe65Mc80LfmA\"]}]}<\/script>\n<!-- \/ Yoast SEO Premium plugin. -->","yoast_head_json":{"title":"Contact - Webivores | Une agence de marketing num\u00e9rique.","description":"R\u00e9servez votre consultation GRATUITE! Nous serions ravis d\u2019organiser un rendez-vous avec vous pour r\u00e9pondre \u00e0 vos questions.","robots":{"index":"index","follow":"follow","max-snippet":"max-snippet:-1","max-image-preview":"max-image-preview:large","max-video-preview":"max-video-preview:-1"},"canonical":"https:\/\/webivores.com\/fr\/contact\/","og_locale":"fr_FR","og_type":"article","og_title":"Contact - Une agence de marketing num\u00e9rique","og_description":"R\u00e9servez votre consultation GRATUITE! Nous serions ravis d\u2019organiser un rendez-vous avec vous pour r\u00e9pondre \u00e0 vos questions.","og_url":"https:\/\/webivores.com\/fr\/contact\/","og_site_name":"Webivores","article_publisher":"https:\/\/www.facebook.com\/webivores","article_modified_time":"2021-08-02T23:58:15+00:00","og_image":[{"width":1600,"height":900,"url":"https:\/\/webivores.com\/wp-content\/uploads\/2021\/05\/background-cover-1.jpg","type":"image\/jpeg"}],"twitter_card":"summary_large_image","twitter_site":"@Webivores","twitter_misc":{"Est. reading time":"2 minutes"},"schema":{"@context":"https:\/\/schema.org","@graph":[{"@type":"WebPage","@id":"https:\/\/webivores.com\/fr\/contact\/","url":"https:\/\/webivores.com\/fr\/contact\/","name":"Contact - Webivores | Une agence de marketing num\u00e9rique.","isPartOf":{"@id":"https:\/\/webivores.com\/#website"},"datePublished":"2021-08-02T02:44:32+00:00","dateModified":"2021-08-02T23:58:15+00:00","description":"R\u00e9servez votre consultation GRATUITE! Nous serions ravis d\u2019organiser un rendez-vous avec vous pour r\u00e9pondre \u00e0 vos questions.","breadcrumb":{"@id":"https:\/\/webivores.com\/fr\/contact\/#breadcrumb"},"inLanguage":"fr-FR","potentialAction":[{"@type":"ReadAction","target":["https:\/\/webivores.com\/fr\/contact\/"]}]},{"@type":"BreadcrumbList","@id":"https:\/\/webivores.com\/fr\/contact\/#breadcrumb","itemListElement":[{"@type":"ListItem","position":1,"name":"Home","item":"https:\/\/webivores.com\/fr\/"},{"@type":"ListItem","position":2,"name":"Contact &#8211; Une agence de marketing num\u00e9rique"}]},{"@type":"WebSite","@id":"https:\/\/webivores.com\/#website","url":"https:\/\/webivores.com\/","name":"Webivores","description":"Ready to grow your business? We are your success partners!","publisher":{"@id":"https:\/\/webivores.com\/#organization"},"potentialAction":[{"@type":"SearchAction","target":{"@type":"EntryPoint","urlTemplate":"https:\/\/webivores.com\/?s={search_term_string}"},"query-input":"required name=search_term_string"}],"inLanguage":"fr-FR"},{"@type":"Organization","@id":"https:\/\/webivores.com\/#organization","name":"Webivores","url":"https:\/\/webivores.com\/","logo":{"@type":"ImageObject","inLanguage":"fr-FR","@id":"https:\/\/webivores.com\/#\/schema\/logo\/image\/","url":"https:\/\/webivores.com\/wp-content\/uploads\/2021\/04\/Logo-1.png","contentUrl":"https:\/\/webivores.com\/wp-content\/uploads\/2021\/04\/Logo-1.png","width":262,"height":52,"caption":"Webivores"},"image":{"@id":"https:\/\/webivores.com\/#\/schema\/logo\/image\/"},"sameAs":["https:\/\/www.facebook.com\/webivores","https:\/\/twitter.com\/Webivores","https:\/\/www.instagram.com\/webivores\/","https:\/\/www.linkedin.com\/company\/webivores","https:\/\/www.pinterest.ca\/webivores\/","https:\/\/www.youtube.com\/channel\/UChWyXcqjN7Kfe65Mc80LfmA"]}]}},"_links":{"self":[{"href":"https:\/\/webivores.com\/fr\/wp-json\/wp\/v2\/pages\/84838"}],"collection":[{"href":"https:\/\/webivores.com\/fr\/wp-json\/wp\/v2\/pages"}],"about":[{"href":"https:\/\/webivores.com\/fr\/wp-json\/wp\/v2\/types\/page"}],"author":[{"embeddable":true,"href":"https:\/\/webivores.com\/fr\/wp-json\/wp\/v2\/users\/1"}],"replies":[{"embeddable":true,"href":"https:\/\/webivores.com\/fr\/wp-json\/wp\/v2\/comments?post=84838"}],"version-history":[{"count":3,"href":"https:\/\/webivores.com\/fr\/wp-json\/wp\/v2\/pages\/84838\/revisions"}],"predecessor-version":[{"id":84949,"href":"https:\/\/webivores.com\/fr\/wp-json\/wp\/v2\/pages\/84838\/revisions\/84949"}],"wp:featuredmedia":[{"embeddable":true,"href":"https:\/\/webivores.com\/fr\/wp-json\/wp\/v2\/media\/84445"}],"wp:attachment":[{"href":"https:\/\/webivores.com\/fr\/wp-json\/wp\/v2\/media?parent=84838"}],"curies":[{"name":"wp","href":"https:\/\/api.w.org\/{rel}","templated":true}]}}