{"id":84834,"date":"2021-08-02T02:37:20","date_gmt":"2021-08-02T02:37:20","guid":{"rendered":"http:\/\/webivores.com\/blogue-une-agence-de-marketing-numerique\/"},"modified":"2021-08-02T18:42:43","modified_gmt":"2021-08-02T18:42:43","slug":"blogue","status":"publish","type":"page","link":"https:\/\/webivores.com\/fr\/blogue\/","title":{"rendered":"Blogue &#8211; une agence de marketing num\u00e9rique"},"content":{"rendered":"<p>[vc_row row_height_percent=\u00a0\u00bb0&Prime; override_padding=\u00a0\u00bbyes\u00a0\u00bb h_padding=\u00a0\u00bb2&Prime; top_padding=\u00a0\u00bb4&Prime; bottom_padding=\u00a0\u00bb4&Prime; back_image=\u00a0\u00bb84056&Prime; back_repeat=\u00a0\u00bbno-repeat\u00a0\u00bb parallax=\u00a0\u00bbyes\u00a0\u00bb overlay_color=\u00a0\u00bbcolor-lxmt\u00a0\u00bb overlay_alpha=\u00a0\u00bb98&Prime; gutter_size=\u00a0\u00bb3&Prime; column_width_percent=\u00a0\u00bb100&Prime; shift_y=\u00a0\u00bb0&Prime; z_index=\u00a0\u00bb2&Prime; back_size=\u00a0\u00bbcover\u00a0\u00bb][vc_column column_width_percent=\u00a0\u00bb100&Prime; align_horizontal=\u00a0\u00bbalign_center\u00a0\u00bb gutter_size=\u00a0\u00bb3&Prime; overlay_alpha=\u00a0\u00bb50&Prime; shift_x=\u00a0\u00bb0&Prime; shift_y=\u00a0\u00bb0&Prime; shift_y_fixed=\u00a0\u00bbyes\u00a0\u00bb shift_y_down=\u00a0\u00bb0&Prime; z_index=\u00a0\u00bb0&Prime; medium_width=\u00a0\u00bb0&Prime; mobile_width=\u00a0\u00bb0&Prime; width=\u00a0\u00bb1\/1&Prime;][vc_custom_heading heading_semantic=\u00a0\u00bbh1&Prime; text_size=\u00a0\u00bbfontsize-338686&Prime; css_animation=\u00a0\u00bbbottom-t-top\u00a0\u00bb]Nouveaut\u00e9 sur notre blogue[\/vc_custom_heading][vc_column_text text_lead=\u00a0\u00bbyes\u00a0\u00bb css_animation=\u00a0\u00bbbottom-t-top\u00a0\u00bb animation_delay=\u00a0\u00bb200&Prime;]Des conseils et des ressources pour vous aider \u00e0 d\u00e9velopper votre entreprise.[\/vc_column_text][vc_empty_space empty_h=\u00a0\u00bb2&Prime;][uncode_index el_id=\u00a0\u00bbindex-blog-posts\u00a0\u00bb loop=\u00a0\u00bbsize:All|order_by:date|post_type:post|categories:2|taxonomy_count:10&Prime; style_preset=\u00a0\u00bbmetro\u00a0\u00bb infinite=\u00a0\u00bbyes\u00a0\u00bb footer_full_width=\u00a0\u00bbyes\u00a0\u00bb gutter_size=\u00a0\u00bb3&Prime; post_items=\u00a0\u00bbmedia|featured|onpost|original,meta|display-icon,title,spacer|one,link|default|default_size\u00a0\u00bb screen_lg=\u00a0\u00bb1000&Prime; screen_md=\u00a0\u00bb600&Prime; screen_sm=\u00a0\u00bb480&Prime; single_text=\u00a0\u00bblateral\u00a0\u00bb single_width=\u00a0\u00bb12&Prime; single_height=\u00a0\u00bb3&Prime; single_image_size=\u00a0\u00bb6&Prime; single_back_color=\u00a0\u00bbcolor-xsdn\u00a0\u00bb single_overlay_color=\u00a0\u00bbcolor-167400&Prime; single_overlay_opacity=\u00a0\u00bb90&Prime; single_overlay_anim=\u00a0\u00bbno\u00a0\u00bb single_text_anim=\u00a0\u00bbno\u00a0\u00bb single_h_align_mobile=\u00a0\u00bbcenter\u00a0\u00bb single_vertical_text=\u00a0\u00bbmiddle\u00a0\u00bb single_padding=\u00a0\u00bb4&Prime; single_title_dimension=\u00a0\u00bbh3&Prime; single_text_lead=\u00a0\u00bbyes\u00a0\u00bb single_border=\u00a0\u00bbyes\u00a0\u00bb post_matrix=\u00a0\u00bbmatrix\u00a0\u00bb matrix_amount=\u00a0\u00bb2&Prime; matrix_items=\u00a0\u00bbeyIxX2kiOnsic2luZ2xlX2ltYWdlX3Bvc2l0aW9uIjoicmlnaHQiLCJzaW5nbGVfaF9hbGlnbiI6InJpZ2h0In19&Prime; single_icon=\u00a0\u00bbfa fa-magnifier\u00a0\u00bb][\/vc_column][\/vc_row]<\/p>\n","protected":false},"excerpt":{"rendered":"<p>[vc_row row_height_percent=\u00a0\u00bb0&Prime; override_padding=\u00a0\u00bbyes\u00a0\u00bb h_padding=\u00a0\u00bb2&Prime; top_padding=\u00a0\u00bb4&Prime; bottom_padding=\u00a0\u00bb4&Prime; back_image=\u00a0\u00bb84056&Prime; back_repeat=\u00a0\u00bbno-repeat\u00a0\u00bb parallax=\u00a0\u00bbyes\u00a0\u00bb overlay_color=\u00a0\u00bbcolor-lxmt\u00a0\u00bb overlay_alpha=\u00a0\u00bb98&Prime; gutter_size=\u00a0\u00bb3&Prime; column_width_percent=\u00a0\u00bb100&Prime; shift_y=\u00a0\u00bb0&Prime; z_index=\u00a0\u00bb2&Prime; back_size=\u00a0\u00bbcover\u00a0\u00bb][vc_column column_width_percent=\u00a0\u00bb100&Prime; align_horizontal=\u00a0\u00bbalign_center\u00a0\u00bb gutter_size=\u00a0\u00bb3&Prime; overlay_alpha=\u00a0\u00bb50&Prime; [&hellip;]<\/p>\n","protected":false},"author":1,"featured_media":84445,"parent":0,"menu_order":0,"comment_status":"closed","ping_status":"closed","template":"","meta":{"content-type":""},"yoast_head":"<!-- This site is optimized with the Yoast SEO Premium plugin v20.6 (Yoast SEO v20.6) - https:\/\/yoast.com\/wordpress\/plugins\/seo\/ -->\n<title>Blogue<\/title>\n<meta name=\"description\" content=\"D\u00e9couvrez les actualit\u00e9s sur le marketing num\u00e9rique. Des conseils et des ressources pour vous aider \u00e0 d\u00e9velopper votre entreprise.\" \/>\n<meta name=\"robots\" content=\"index, follow, max-snippet:-1, max-image-preview:large, max-video-preview:-1\" \/>\n<link rel=\"canonical\" href=\"https:\/\/webivores.com\/fr\/blogue\/\" \/>\n<meta property=\"og:locale\" content=\"fr_FR\" \/>\n<meta property=\"og:type\" content=\"article\" \/>\n<meta property=\"og:title\" content=\"Blogue - une agence de marketing num\u00e9rique\" \/>\n<meta property=\"og:description\" content=\"D\u00e9couvrez les actualit\u00e9s sur le marketing num\u00e9rique. Des conseils et des ressources pour vous aider \u00e0 d\u00e9velopper votre entreprise.\" \/>\n<meta property=\"og:url\" content=\"https:\/\/webivores.com\/fr\/blogue\/\" \/>\n<meta property=\"og:site_name\" content=\"Webivores\" \/>\n<meta property=\"article:publisher\" content=\"https:\/\/www.facebook.com\/webivores\" \/>\n<meta property=\"article:modified_time\" content=\"2021-08-02T18:42:43+00:00\" \/>\n<meta property=\"og:image\" content=\"https:\/\/webivores.com\/wp-content\/uploads\/2021\/05\/background-cover-1.jpg\" \/>\n\t<meta property=\"og:image:width\" content=\"1600\" \/>\n\t<meta property=\"og:image:height\" content=\"900\" \/>\n\t<meta property=\"og:image:type\" content=\"image\/jpeg\" \/>\n<meta name=\"twitter:card\" content=\"summary_large_image\" \/>\n<meta name=\"twitter:site\" content=\"@Webivores\" \/>\n<meta name=\"twitter:label1\" content=\"Dur\u00e9e de lecture estim\u00e9e\" \/>\n\t<meta name=\"twitter:data1\" content=\"1 minute\" \/>\n<script type=\"application\/ld+json\" class=\"yoast-schema-graph\">{\"@context\":\"https:\/\/schema.org\",\"@graph\":[{\"@type\":\"WebPage\",\"@id\":\"https:\/\/webivores.com\/fr\/blogue\/\",\"url\":\"https:\/\/webivores.com\/fr\/blogue\/\",\"name\":\"Blogue\",\"isPartOf\":{\"@id\":\"https:\/\/webivores.com\/#website\"},\"datePublished\":\"2021-08-02T02:37:20+00:00\",\"dateModified\":\"2021-08-02T18:42:43+00:00\",\"description\":\"D\u00e9couvrez les actualit\u00e9s sur le marketing num\u00e9rique. Des conseils et des ressources pour vous aider \u00e0 d\u00e9velopper votre entreprise.\",\"breadcrumb\":{\"@id\":\"https:\/\/webivores.com\/fr\/blogue\/#breadcrumb\"},\"inLanguage\":\"fr-FR\",\"potentialAction\":[{\"@type\":\"ReadAction\",\"target\":[\"https:\/\/webivores.com\/fr\/blogue\/\"]}]},{\"@type\":\"BreadcrumbList\",\"@id\":\"https:\/\/webivores.com\/fr\/blogue\/#breadcrumb\",\"itemListElement\":[{\"@type\":\"ListItem\",\"position\":1,\"name\":\"Home\",\"item\":\"https:\/\/webivores.com\/fr\/\"},{\"@type\":\"ListItem\",\"position\":2,\"name\":\"Blogue &#8211; une agence de marketing num\u00e9rique\"}]},{\"@type\":\"WebSite\",\"@id\":\"https:\/\/webivores.com\/#website\",\"url\":\"https:\/\/webivores.com\/\",\"name\":\"Webivores\",\"description\":\"Ready to grow your business? We are your success partners!\",\"publisher\":{\"@id\":\"https:\/\/webivores.com\/#organization\"},\"potentialAction\":[{\"@type\":\"SearchAction\",\"target\":{\"@type\":\"EntryPoint\",\"urlTemplate\":\"https:\/\/webivores.com\/?s={search_term_string}\"},\"query-input\":\"required name=search_term_string\"}],\"inLanguage\":\"fr-FR\"},{\"@type\":\"Organization\",\"@id\":\"https:\/\/webivores.com\/#organization\",\"name\":\"Webivores\",\"url\":\"https:\/\/webivores.com\/\",\"logo\":{\"@type\":\"ImageObject\",\"inLanguage\":\"fr-FR\",\"@id\":\"https:\/\/webivores.com\/#\/schema\/logo\/image\/\",\"url\":\"https:\/\/webivores.com\/wp-content\/uploads\/2021\/04\/Logo-1.png\",\"contentUrl\":\"https:\/\/webivores.com\/wp-content\/uploads\/2021\/04\/Logo-1.png\",\"width\":262,\"height\":52,\"caption\":\"Webivores\"},\"image\":{\"@id\":\"https:\/\/webivores.com\/#\/schema\/logo\/image\/\"},\"sameAs\":[\"https:\/\/www.facebook.com\/webivores\",\"https:\/\/twitter.com\/Webivores\",\"https:\/\/www.instagram.com\/webivores\/\",\"https:\/\/www.linkedin.com\/company\/webivores\",\"https:\/\/www.pinterest.ca\/webivores\/\",\"https:\/\/www.youtube.com\/channel\/UChWyXcqjN7Kfe65Mc80LfmA\"]}]}<\/script>\n<!-- \/ Yoast SEO Premium plugin. -->","yoast_head_json":{"title":"Blogue","description":"D\u00e9couvrez les actualit\u00e9s sur le marketing num\u00e9rique. Des conseils et des ressources pour vous aider \u00e0 d\u00e9velopper votre entreprise.","robots":{"index":"index","follow":"follow","max-snippet":"max-snippet:-1","max-image-preview":"max-image-preview:large","max-video-preview":"max-video-preview:-1"},"canonical":"https:\/\/webivores.com\/fr\/blogue\/","og_locale":"fr_FR","og_type":"article","og_title":"Blogue - une agence de marketing num\u00e9rique","og_description":"D\u00e9couvrez les actualit\u00e9s sur le marketing num\u00e9rique. Des conseils et des ressources pour vous aider \u00e0 d\u00e9velopper votre entreprise.","og_url":"https:\/\/webivores.com\/fr\/blogue\/","og_site_name":"Webivores","article_publisher":"https:\/\/www.facebook.com\/webivores","article_modified_time":"2021-08-02T18:42:43+00:00","og_image":[{"width":1600,"height":900,"url":"https:\/\/webivores.com\/wp-content\/uploads\/2021\/05\/background-cover-1.jpg","type":"image\/jpeg"}],"twitter_card":"summary_large_image","twitter_site":"@Webivores","twitter_misc":{"Dur\u00e9e de lecture estim\u00e9e":"1 minute"},"schema":{"@context":"https:\/\/schema.org","@graph":[{"@type":"WebPage","@id":"https:\/\/webivores.com\/fr\/blogue\/","url":"https:\/\/webivores.com\/fr\/blogue\/","name":"Blogue","isPartOf":{"@id":"https:\/\/webivores.com\/#website"},"datePublished":"2021-08-02T02:37:20+00:00","dateModified":"2021-08-02T18:42:43+00:00","description":"D\u00e9couvrez les actualit\u00e9s sur le marketing num\u00e9rique. Des conseils et des ressources pour vous aider \u00e0 d\u00e9velopper votre entreprise.","breadcrumb":{"@id":"https:\/\/webivores.com\/fr\/blogue\/#breadcrumb"},"inLanguage":"fr-FR","potentialAction":[{"@type":"ReadAction","target":["https:\/\/webivores.com\/fr\/blogue\/"]}]},{"@type":"BreadcrumbList","@id":"https:\/\/webivores.com\/fr\/blogue\/#breadcrumb","itemListElement":[{"@type":"ListItem","position":1,"name":"Home","item":"https:\/\/webivores.com\/fr\/"},{"@type":"ListItem","position":2,"name":"Blogue &#8211; une agence de marketing num\u00e9rique"}]},{"@type":"WebSite","@id":"https:\/\/webivores.com\/#website","url":"https:\/\/webivores.com\/","name":"Webivores","description":"Ready to grow your business? We are your success partners!","publisher":{"@id":"https:\/\/webivores.com\/#organization"},"potentialAction":[{"@type":"SearchAction","target":{"@type":"EntryPoint","urlTemplate":"https:\/\/webivores.com\/?s={search_term_string}"},"query-input":"required name=search_term_string"}],"inLanguage":"fr-FR"},{"@type":"Organization","@id":"https:\/\/webivores.com\/#organization","name":"Webivores","url":"https:\/\/webivores.com\/","logo":{"@type":"ImageObject","inLanguage":"fr-FR","@id":"https:\/\/webivores.com\/#\/schema\/logo\/image\/","url":"https:\/\/webivores.com\/wp-content\/uploads\/2021\/04\/Logo-1.png","contentUrl":"https:\/\/webivores.com\/wp-content\/uploads\/2021\/04\/Logo-1.png","width":262,"height":52,"caption":"Webivores"},"image":{"@id":"https:\/\/webivores.com\/#\/schema\/logo\/image\/"},"sameAs":["https:\/\/www.facebook.com\/webivores","https:\/\/twitter.com\/Webivores","https:\/\/www.instagram.com\/webivores\/","https:\/\/www.linkedin.com\/company\/webivores","https:\/\/www.pinterest.ca\/webivores\/","https:\/\/www.youtube.com\/channel\/UChWyXcqjN7Kfe65Mc80LfmA"]}]}},"_links":{"self":[{"href":"https:\/\/webivores.com\/fr\/wp-json\/wp\/v2\/pages\/84834"}],"collection":[{"href":"https:\/\/webivores.com\/fr\/wp-json\/wp\/v2\/pages"}],"about":[{"href":"https:\/\/webivores.com\/fr\/wp-json\/wp\/v2\/types\/page"}],"author":[{"embeddable":true,"href":"https:\/\/webivores.com\/fr\/wp-json\/wp\/v2\/users\/1"}],"replies":[{"embeddable":true,"href":"https:\/\/webivores.com\/fr\/wp-json\/wp\/v2\/comments?post=84834"}],"version-history":[{"count":3,"href":"https:\/\/webivores.com\/fr\/wp-json\/wp\/v2\/pages\/84834\/revisions"}],"predecessor-version":[{"id":84908,"href":"https:\/\/webivores.com\/fr\/wp-json\/wp\/v2\/pages\/84834\/revisions\/84908"}],"wp:featuredmedia":[{"embeddable":true,"href":"https:\/\/webivores.com\/fr\/wp-json\/wp\/v2\/media\/84445"}],"wp:attachment":[{"href":"https:\/\/webivores.com\/fr\/wp-json\/wp\/v2\/media?parent=84834"}],"curies":[{"name":"wp","href":"https:\/\/api.w.org\/{rel}","templated":true}]}}